{"id":357,"date":"2021-01-08T19:14:38","date_gmt":"2021-01-08T18:14:38","guid":{"rendered":"https:\/\/i-toile.com\/?page_id=357"},"modified":"2023-05-09T11:54:03","modified_gmt":"2023-05-09T09:54:03","slug":"location-ecran-courte-duree-evenement","status":"publish","type":"page","link":"https:\/\/i-toile.com\/en\/nos-solutions-mobilier-ecran-dynamique-et-tactile-logiciel-illustration\/location-ecran-courte-duree-evenement\/","title":{"rendered":"Rental"},"content":{"rendered":"<div data-elementor-type=\"wp-page\" data-elementor-id=\"357\" class=\"elementor elementor-357\">\n\t\t\t\t\t\t<section class=\"elementor-section elementor-top-section elementor-element elementor-element-21a1c3b8 elementor-section-boxed elementor-section-height-default elementor-section-height-default\" data-id=\"21a1c3b8\" data-element_type=\"section\" data-e-type=\"section\" data-settings=\"{&quot;background_background&quot;:&quot;classic&quot;}\">\n\t\t\t\t\t\t\t<div class=\"elementor-background-overlay\"><\/div>\n\t\t\t\t\t\t\t<div class=\"elementor-container elementor-column-gap-default\">\n\t\t\t\t\t<div class=\"elementor-column elementor-col-100 elementor-top-column elementor-element elementor-element-f6595e5\" data-id=\"f6595e5\" data-element_type=\"column\" data-e-type=\"column\">\n\t\t\t<div class=\"elementor-widget-wrap\">\n\t\t\t\t\t\t\t<\/div>\n\t\t<\/div>\n\t\t\t\t\t<\/div>\n\t\t<\/section>\n\t\t\t\t<section class=\"elementor-section elementor-top-section elementor-element elementor-element-681f9af1 elementor-section-boxed elementor-section-height-default elementor-section-height-default\" data-id=\"681f9af1\" data-element_type=\"section\" data-e-type=\"section\" data-settings=\"{&quot;background_background&quot;:&quot;classic&quot;}\">\n\t\t\t\t\t\t\t<div class=\"elementor-background-overlay\"><\/div>\n\t\t\t\t\t\t\t<div class=\"elementor-container elementor-column-gap-default\">\n\t\t\t\t\t<div class=\"elementor-column elementor-col-100 elementor-top-column elementor-element elementor-element-5f688056\" data-id=\"5f688056\" data-element_type=\"column\" data-e-type=\"column\">\n\t\t\t<div class=\"elementor-widget-wrap elementor-element-populated\">\n\t\t\t\t\t\t<div class=\"elementor-element elementor-element-2f14d9e5 animated-slow elementor-invisible elementor-widget elementor-widget-heading\" data-id=\"2f14d9e5\" data-element_type=\"widget\" data-e-type=\"widget\" data-settings=\"{&quot;_animation&quot;:&quot;fadeIn&quot;,&quot;_animation_delay&quot;:0}\" data-widget_type=\"heading.default\">\n\t\t\t\t<div class=\"elementor-widget-container\">\n\t\t\t\t\t<h1 class=\"elementor-heading-title elementor-size-default\">Rental<\/h1>\t\t\t\t<\/div>\n\t\t\t\t<\/div>\n\t\t\t\t<div class=\"elementor-element elementor-element-45b95561 elementor-widget-divider--view-line elementor-invisible elementor-widget elementor-widget-divider\" data-id=\"45b95561\" data-element_type=\"widget\" data-e-type=\"widget\" data-settings=\"{&quot;_animation&quot;:&quot;fadeInRight&quot;}\" data-widget_type=\"divider.default\">\n\t\t\t\t<div class=\"elementor-widget-container\">\n\t\t\t\t\t\t\t<div class=\"elementor-divider\">\n\t\t\t<span class=\"elementor-divider-separator\">\n\t\t\t\t\t\t<\/span>\n\t\t<\/div>\n\t\t\t\t\t\t<\/div>\n\t\t\t\t<\/div>\n\t\t\t\t<div class=\"elementor-element elementor-element-13176696 elementor-widget__width-initial animated-slow elementor-invisible elementor-widget elementor-widget-text-editor\" data-id=\"13176696\" data-element_type=\"widget\" data-e-type=\"widget\" data-settings=\"{&quot;_animation&quot;:&quot;fadeIn&quot;,&quot;_animation_delay&quot;:400}\" data-widget_type=\"text-editor.default\">\n\t\t\t\t<div class=\"elementor-widget-container\">\n\t\t\t\t\t\t\t\t\t<p>Project management: We create a digital communication strategy on your physical space to correct your constraints and meet your objective.<\/p><p>Choice of material: We install the material by ourselves or an affiliated partner team for quality and safety reasons.<\/p><p>Content development and illustration: Our marketing team can create and illustrate dynamic or interactive content in web, photo or video format.\u00a0<\/p><p>Our support can also be personalized by a covering with your image.<\/p><p>Installation and delivery: We install the equipment by ourselves or an affiliated partner team for quality and safety reasons.<\/p><p>Maintenance and management of the equipment: We offer management and maintenance on site of the event, or in remote maintenance. This can be a real security for companies during your long awaited event.<\/p>\t\t\t\t\t\t\t\t<\/div>\n\t\t\t\t<\/div>\n\t\t\t\t\t<\/div>\n\t\t<\/div>\n\t\t\t\t\t<\/div>\n\t\t<\/section>\n\t\t<div class=\"elementor-element elementor-element-5b6573eb e-flex e-con-boxed e-con e-parent\" data-id=\"5b6573eb\" data-element_type=\"container\" data-e-type=\"container\" data-settings=\"{&quot;background_background&quot;:&quot;classic&quot;}\">\n\t\t\t\t\t<div class=\"e-con-inner\">\n\t\t\t\t<div class=\"elementor-element elementor-element-72b72093 elementor-align-center elementor-widget elementor-widget-button\" data-id=\"72b72093\" data-element_type=\"widget\" data-e-type=\"widget\" data-widget_type=\"button.default\">\n\t\t\t\t<div class=\"elementor-widget-container\">\n\t\t\t\t\t\t\t\t\t<div class=\"elementor-button-wrapper\">\n\t\t\t\t\t<a class=\"elementor-button elementor-button-link elementor-size-xl\" href=\"https:\/\/i-toile.com\/en\/boutique\/\">\n\t\t\t\t\t\t<span class=\"elementor-button-content-wrapper\">\n\t\t\t\t\t\t\t\t\t<span class=\"elementor-button-text\">Renting equipment<\/span>\n\t\t\t\t\t<\/span>\n\t\t\t\t\t<\/a>\n\t\t\t\t<\/div>\n\t\t\t\t\t\t\t\t<\/div>\n\t\t\t\t<\/div>\n\t\t\t\t\t<\/div>\n\t\t\t\t<\/div>\n\t\t\t\t<\/div>","protected":false},"excerpt":{"rendered":"<p>Location Gestion du projet : Nous cr\u00e9ons une strat\u00e9gie de communication digitale sur votre espace physique afin de corriger vos contraintes et r\u00e9pondre \u00e0 vote objectif. Choix du mat\u00e9riel : Nous installons le mat\u00e9riel par nos soins ou une \u00e9quipe partenaire affili\u00e9e pour des raisons de qualit\u00e9 et de s\u00e9curit\u00e9. D\u00e9veloppement et illustration du contenue [&hellip;]<\/p>\n","protected":false},"author":1,"featured_media":4204,"parent":319,"menu_order":0,"comment_status":"closed","ping_status":"closed","template":"","meta":{"_uag_custom_page_level_css":"","site-sidebar-layout":"no-sidebar","site-content-layout":"page-builder","ast-site-content-layout":"default","site-content-style":"default","site-sidebar-style":"default","ast-global-header-display":"","ast-banner-title-visibility":"","ast-main-header-display":"","ast-hfb-above-header-display":"","ast-hfb-below-header-display":"","ast-hfb-mobile-header-display":"","site-post-title":"disabled","ast-breadcrumbs-content":"","ast-featured-img":"disabled","footer-sml-layout":"","ast-disable-related-posts":"","theme-transparent-header-meta":"enabled","adv-header-id-meta":"","stick-header-meta":"","header-above-stick-meta":"","header-main-stick-meta":"","header-below-stick-meta":"","astra-migrate-meta-layouts":"default","ast-page-background-enabled":"default","ast-page-background-meta":{"desktop":{"background-color":"","background-image":"","background-repeat":"repeat","background-position":"center center","background-size":"auto","background-attachment":"scroll","background-type":"","background-media":"","overlay-type":"","overlay-color":"","overlay-opacity":"","overlay-gradient":""},"tablet":{"background-color":"","background-image":"","background-repeat":"repeat","background-position":"center center","background-size":"auto","background-attachment":"scroll","background-type":"","background-media":"","overlay-type":"","overlay-color":"","overlay-opacity":"","overlay-gradient":""},"mobile":{"background-color":"","background-image":"","background-repeat":"repeat","background-position":"center center","background-size":"auto","background-attachment":"scroll","background-type":"","background-media":"","overlay-type":"","overlay-color":"","overlay-opacity":"","overlay-gradient":""}},"ast-content-background-meta":{"desktop":{"background-color":"var(--ast-global-color-5)","background-image":"","background-repeat":"repeat","background-position":"center center","background-size":"auto","background-attachment":"scroll","background-type":"","background-media":"","overlay-type":"","overlay-color":"","overlay-opacity":"","overlay-gradient":""},"tablet":{"background-color":"var(--ast-global-color-5)","background-image":"","background-repeat":"repeat","background-position":"center center","background-size":"auto","background-attachment":"scroll","background-type":"","background-media":"","overlay-type":"","overlay-color":"","overlay-opacity":"","overlay-gradient":""},"mobile":{"background-color":"var(--ast-global-color-5)","background-image":"","background-repeat":"repeat","background-position":"center center","background-size":"auto","background-attachment":"scroll","background-type":"","background-media":"","overlay-type":"","overlay-color":"","overlay-opacity":"","overlay-gradient":""}},"jetpack_post_was_ever_published":false,"footnotes":""},"class_list":["post-357","page","type-page","status-publish","has-post-thumbnail","hentry"],"yoast_head":"<!-- This site is optimized with the Yoast SEO plugin v27.4 - https:\/\/yoast.com\/product\/yoast-seo-wordpress\/ -->\n<title>Location - Fabricant de mobilier digitaux<\/title>\n<meta name=\"description\" content=\"I-toile fournisseur et loueur d&#039;\u00e9cran digitaux sur courte ou long dur\u00e9e. Nous installons sur site \u00e9ph\u00e9m\u00e8re notre support audiovisuel.\" \/>\n<meta name=\"robots\" content=\"index, follow, max-snippet:-1, max-image-preview:large, max-video-preview:-1\" \/>\n<link rel=\"canonical\" href=\"https:\/\/i-toile.com\/en\/nos-solutions-mobilier-ecran-dynamique-et-tactile-logiciel-illustration\/location-ecran-courte-duree-evenement\/\" \/>\n<meta property=\"og:locale\" content=\"en_GB\" \/>\n<meta property=\"og:type\" content=\"article\" \/>\n<meta property=\"og:title\" content=\"Location d&#039;\u00e9cran\" \/>\n<meta property=\"og:description\" content=\"I-toile fournisseur et loueur d&#039;\u00e9cran digitaux sur courte ou long dur\u00e9e. Nous installons sur site \u00e9ph\u00e9m\u00e8re notre support audiovisuel.\" \/>\n<meta property=\"og:url\" content=\"https:\/\/i-toile.com\/en\/nos-solutions-mobilier-ecran-dynamique-et-tactile-logiciel-illustration\/location-ecran-courte-duree-evenement\/\" \/>\n<meta property=\"og:site_name\" content=\"Fabricant de mobilier digitaux\" \/>\n<meta property=\"article:publisher\" content=\"https:\/\/www.facebook.com\/itoile.communication.agence\/\" \/>\n<meta property=\"article:modified_time\" content=\"2023-05-09T09:54:03+00:00\" \/>\n<meta property=\"og:image\" content=\"https:\/\/i-toile.com\/wp-content\/uploads\/2022\/01\/ecran-interactif-educatifs.png\" \/>\n\t<meta property=\"og:image:width\" content=\"768\" \/>\n\t<meta property=\"og:image:height\" content=\"1024\" \/>\n\t<meta property=\"og:image:type\" content=\"image\/png\" \/>\n<meta name=\"twitter:card\" content=\"summary_large_image\" \/>\n<meta name=\"twitter:title\" content=\"Cr\u00e9ation de site web\" \/>\n<meta name=\"twitter:description\" content=\"I-toile a de r\u00e9els partenaires sp\u00e9cialis\u00e9s dans la r\u00e9alisation de sites internet sur mesure ou par l\u2019utilisation de CMS comme WordPress. Nous nous adaptons \u00e0 vos besoins et sommes capables de r\u00e9aliser tous types de sites internet pour tous types d\u2019activit\u00e9s ou d\u2019entreprises. Nos connaissances et notre exp\u00e9rience dans le milieu du web vous offrent la possibilit\u00e9 d\u2019obtenir un ou plusieurs sites internet modernes, dynamiques, ergonomiques, \u00e9volutifs, qui s\u2019adaptent sur n\u2019importe quel appareil (ordinateur, tablette et smartphone).\" \/>\n<meta name=\"twitter:image\" content=\"https:\/\/i-toile.com\/wp-content\/uploads\/2021\/04\/pexels-kevin-ku-577585.jpg\" \/>\n<meta name=\"twitter:label1\" content=\"Estimated reading time\" \/>\n\t<meta name=\"twitter:data1\" content=\"1 minute\" \/>\n<script type=\"application\/ld+json\" class=\"yoast-schema-graph\">{\"@context\":\"https:\\\/\\\/schema.org\",\"@graph\":[{\"@type\":\"WebPage\",\"@id\":\"https:\\\/\\\/i-toile.com\\\/nos-solutions-mobilier-ecran-dynamique-et-tactile-logiciel-illustration\\\/location-ecran-courte-duree-evenement\\\/\",\"url\":\"https:\\\/\\\/i-toile.com\\\/nos-solutions-mobilier-ecran-dynamique-et-tactile-logiciel-illustration\\\/location-ecran-courte-duree-evenement\\\/\",\"name\":\"Location - Fabricant de mobilier digitaux\",\"isPartOf\":{\"@id\":\"https:\\\/\\\/i-toile.com\\\/#website\"},\"primaryImageOfPage\":{\"@id\":\"https:\\\/\\\/i-toile.com\\\/nos-solutions-mobilier-ecran-dynamique-et-tactile-logiciel-illustration\\\/location-ecran-courte-duree-evenement\\\/#primaryimage\"},\"image\":{\"@id\":\"https:\\\/\\\/i-toile.com\\\/nos-solutions-mobilier-ecran-dynamique-et-tactile-logiciel-illustration\\\/location-ecran-courte-duree-evenement\\\/#primaryimage\"},\"thumbnailUrl\":\"https:\\\/\\\/i-toile.com\\\/wp-content\\\/uploads\\\/2022\\\/01\\\/ecran-interactif-educatifs.png\",\"datePublished\":\"2021-01-08T18:14:38+00:00\",\"dateModified\":\"2023-05-09T09:54:03+00:00\",\"description\":\"I-toile fournisseur et loueur d'\u00e9cran digitaux sur courte ou long dur\u00e9e. Nous installons sur site \u00e9ph\u00e9m\u00e8re notre support audiovisuel.\",\"breadcrumb\":{\"@id\":\"https:\\\/\\\/i-toile.com\\\/nos-solutions-mobilier-ecran-dynamique-et-tactile-logiciel-illustration\\\/location-ecran-courte-duree-evenement\\\/#breadcrumb\"},\"inLanguage\":\"en-GB\",\"potentialAction\":[{\"@type\":\"ReadAction\",\"target\":[\"https:\\\/\\\/i-toile.com\\\/nos-solutions-mobilier-ecran-dynamique-et-tactile-logiciel-illustration\\\/location-ecran-courte-duree-evenement\\\/\"]}]},{\"@type\":\"ImageObject\",\"inLanguage\":\"en-GB\",\"@id\":\"https:\\\/\\\/i-toile.com\\\/nos-solutions-mobilier-ecran-dynamique-et-tactile-logiciel-illustration\\\/location-ecran-courte-duree-evenement\\\/#primaryimage\",\"url\":\"https:\\\/\\\/i-toile.com\\\/wp-content\\\/uploads\\\/2022\\\/01\\\/ecran-interactif-educatifs.png\",\"contentUrl\":\"https:\\\/\\\/i-toile.com\\\/wp-content\\\/uploads\\\/2022\\\/01\\\/ecran-interactif-educatifs.png\",\"width\":3024,\"height\":4032,\"caption\":\"\u00e9cran tactile ou dynamique \u00e0 la location\"},{\"@type\":\"BreadcrumbList\",\"@id\":\"https:\\\/\\\/i-toile.com\\\/nos-solutions-mobilier-ecran-dynamique-et-tactile-logiciel-illustration\\\/location-ecran-courte-duree-evenement\\\/#breadcrumb\",\"itemListElement\":[{\"@type\":\"ListItem\",\"position\":1,\"name\":\"Accueil\",\"item\":\"https:\\\/\\\/i-toile.com\\\/\"},{\"@type\":\"ListItem\",\"position\":2,\"name\":\"Nos solutions\",\"item\":\"https:\\\/\\\/i-toile.com\\\/nos-solutions-mobilier-ecran-dynamique-et-tactile-logiciel-illustration\\\/\"},{\"@type\":\"ListItem\",\"position\":3,\"name\":\"Location\"}]},{\"@type\":\"WebSite\",\"@id\":\"https:\\\/\\\/i-toile.com\\\/#website\",\"url\":\"https:\\\/\\\/i-toile.com\\\/\",\"name\":\"Fabricant de mobilier digitaux\",\"description\":\"\",\"publisher\":{\"@id\":\"https:\\\/\\\/i-toile.com\\\/#organization\"},\"potentialAction\":[{\"@type\":\"SearchAction\",\"target\":{\"@type\":\"EntryPoint\",\"urlTemplate\":\"https:\\\/\\\/i-toile.com\\\/?s={search_term_string}\"},\"query-input\":{\"@type\":\"PropertyValueSpecification\",\"valueRequired\":true,\"valueName\":\"search_term_string\"}}],\"inLanguage\":\"en-GB\"},{\"@type\":\"Organization\",\"@id\":\"https:\\\/\\\/i-toile.com\\\/#organization\",\"name\":\"Fabricant de mobilier digitaux\",\"url\":\"https:\\\/\\\/i-toile.com\\\/\",\"logo\":{\"@type\":\"ImageObject\",\"inLanguage\":\"en-GB\",\"@id\":\"https:\\\/\\\/i-toile.com\\\/#\\\/schema\\\/logo\\\/image\\\/\",\"url\":\"https:\\\/\\\/i-toile.com\\\/wp-content\\\/uploads\\\/2022\\\/07\\\/cropped-cropped-logo-fluo-fond-transparant-4.png\",\"contentUrl\":\"https:\\\/\\\/i-toile.com\\\/wp-content\\\/uploads\\\/2022\\\/07\\\/cropped-cropped-logo-fluo-fond-transparant-4.png\",\"width\":1998,\"height\":1152,\"caption\":\"Fabricant de mobilier digitaux\"},\"image\":{\"@id\":\"https:\\\/\\\/i-toile.com\\\/#\\\/schema\\\/logo\\\/image\\\/\"},\"sameAs\":[\"https:\\\/\\\/www.facebook.com\\\/itoile.communication.agence\\\/\",\"https:\\\/\\\/www.linkedin.com\\\/company\\\/i-toile-digital-signage\"]}]}<\/script>\n<!-- \/ Yoast SEO plugin. -->","yoast_head_json":{"title":"Location - Fabricant de mobilier digitaux","description":"I-toile fournisseur et loueur d'\u00e9cran digitaux sur courte ou long dur\u00e9e. Nous installons sur site \u00e9ph\u00e9m\u00e8re notre support audiovisuel.","robots":{"index":"index","follow":"follow","max-snippet":"max-snippet:-1","max-image-preview":"max-image-preview:large","max-video-preview":"max-video-preview:-1"},"canonical":"https:\/\/i-toile.com\/en\/nos-solutions-mobilier-ecran-dynamique-et-tactile-logiciel-illustration\/location-ecran-courte-duree-evenement\/","og_locale":"en_GB","og_type":"article","og_title":"Location d'\u00e9cran","og_description":"I-toile fournisseur et loueur d'\u00e9cran digitaux sur courte ou long dur\u00e9e. Nous installons sur site \u00e9ph\u00e9m\u00e8re notre support audiovisuel.","og_url":"https:\/\/i-toile.com\/en\/nos-solutions-mobilier-ecran-dynamique-et-tactile-logiciel-illustration\/location-ecran-courte-duree-evenement\/","og_site_name":"Fabricant de mobilier digitaux","article_publisher":"https:\/\/www.facebook.com\/itoile.communication.agence\/","article_modified_time":"2023-05-09T09:54:03+00:00","og_image":[{"url":"https:\/\/i-toile.com\/wp-content\/uploads\/2022\/01\/ecran-interactif-educatifs.png","width":768,"height":1024,"type":"image\/png"}],"twitter_card":"summary_large_image","twitter_title":"Cr\u00e9ation de site web","twitter_description":"I-toile a de r\u00e9els partenaires sp\u00e9cialis\u00e9s dans la r\u00e9alisation de sites internet sur mesure ou par l\u2019utilisation de CMS comme WordPress. Nous nous adaptons \u00e0 vos besoins et sommes capables de r\u00e9aliser tous types de sites internet pour tous types d\u2019activit\u00e9s ou d\u2019entreprises. Nos connaissances et notre exp\u00e9rience dans le milieu du web vous offrent la possibilit\u00e9 d\u2019obtenir un ou plusieurs sites internet modernes, dynamiques, ergonomiques, \u00e9volutifs, qui s\u2019adaptent sur n\u2019importe quel appareil (ordinateur, tablette et smartphone).","twitter_image":"https:\/\/i-toile.com\/wp-content\/uploads\/2021\/04\/pexels-kevin-ku-577585.jpg","twitter_misc":{"Estimated reading time":"1 minute"},"schema":{"@context":"https:\/\/schema.org","@graph":[{"@type":"WebPage","@id":"https:\/\/i-toile.com\/nos-solutions-mobilier-ecran-dynamique-et-tactile-logiciel-illustration\/location-ecran-courte-duree-evenement\/","url":"https:\/\/i-toile.com\/nos-solutions-mobilier-ecran-dynamique-et-tactile-logiciel-illustration\/location-ecran-courte-duree-evenement\/","name":"Location - Fabricant de mobilier digitaux","isPartOf":{"@id":"https:\/\/i-toile.com\/#website"},"primaryImageOfPage":{"@id":"https:\/\/i-toile.com\/nos-solutions-mobilier-ecran-dynamique-et-tactile-logiciel-illustration\/location-ecran-courte-duree-evenement\/#primaryimage"},"image":{"@id":"https:\/\/i-toile.com\/nos-solutions-mobilier-ecran-dynamique-et-tactile-logiciel-illustration\/location-ecran-courte-duree-evenement\/#primaryimage"},"thumbnailUrl":"https:\/\/i-toile.com\/wp-content\/uploads\/2022\/01\/ecran-interactif-educatifs.png","datePublished":"2021-01-08T18:14:38+00:00","dateModified":"2023-05-09T09:54:03+00:00","description":"I-toile fournisseur et loueur d'\u00e9cran digitaux sur courte ou long dur\u00e9e. Nous installons sur site \u00e9ph\u00e9m\u00e8re notre support audiovisuel.","breadcrumb":{"@id":"https:\/\/i-toile.com\/nos-solutions-mobilier-ecran-dynamique-et-tactile-logiciel-illustration\/location-ecran-courte-duree-evenement\/#breadcrumb"},"inLanguage":"en-GB","potentialAction":[{"@type":"ReadAction","target":["https:\/\/i-toile.com\/nos-solutions-mobilier-ecran-dynamique-et-tactile-logiciel-illustration\/location-ecran-courte-duree-evenement\/"]}]},{"@type":"ImageObject","inLanguage":"en-GB","@id":"https:\/\/i-toile.com\/nos-solutions-mobilier-ecran-dynamique-et-tactile-logiciel-illustration\/location-ecran-courte-duree-evenement\/#primaryimage","url":"https:\/\/i-toile.com\/wp-content\/uploads\/2022\/01\/ecran-interactif-educatifs.png","contentUrl":"https:\/\/i-toile.com\/wp-content\/uploads\/2022\/01\/ecran-interactif-educatifs.png","width":3024,"height":4032,"caption":"\u00e9cran tactile ou dynamique \u00e0 la location"},{"@type":"BreadcrumbList","@id":"https:\/\/i-toile.com\/nos-solutions-mobilier-ecran-dynamique-et-tactile-logiciel-illustration\/location-ecran-courte-duree-evenement\/#breadcrumb","itemListElement":[{"@type":"ListItem","position":1,"name":"Accueil","item":"https:\/\/i-toile.com\/"},{"@type":"ListItem","position":2,"name":"Nos solutions","item":"https:\/\/i-toile.com\/nos-solutions-mobilier-ecran-dynamique-et-tactile-logiciel-illustration\/"},{"@type":"ListItem","position":3,"name":"Location"}]},{"@type":"WebSite","@id":"https:\/\/i-toile.com\/#website","url":"https:\/\/i-toile.com\/","name":"Fabricant de mobilier digitaux","description":"","publisher":{"@id":"https:\/\/i-toile.com\/#organization"},"potentialAction":[{"@type":"SearchAction","target":{"@type":"EntryPoint","urlTemplate":"https:\/\/i-toile.com\/?s={search_term_string}"},"query-input":{"@type":"PropertyValueSpecification","valueRequired":true,"valueName":"search_term_string"}}],"inLanguage":"en-GB"},{"@type":"Organization","@id":"https:\/\/i-toile.com\/#organization","name":"Fabricant de mobilier digitaux","url":"https:\/\/i-toile.com\/","logo":{"@type":"ImageObject","inLanguage":"en-GB","@id":"https:\/\/i-toile.com\/#\/schema\/logo\/image\/","url":"https:\/\/i-toile.com\/wp-content\/uploads\/2022\/07\/cropped-cropped-logo-fluo-fond-transparant-4.png","contentUrl":"https:\/\/i-toile.com\/wp-content\/uploads\/2022\/07\/cropped-cropped-logo-fluo-fond-transparant-4.png","width":1998,"height":1152,"caption":"Fabricant de mobilier digitaux"},"image":{"@id":"https:\/\/i-toile.com\/#\/schema\/logo\/image\/"},"sameAs":["https:\/\/www.facebook.com\/itoile.communication.agence\/","https:\/\/www.linkedin.com\/company\/i-toile-digital-signage"]}]}},"uagb_featured_image_src":{"full":["https:\/\/i-toile.com\/wp-content\/uploads\/2022\/01\/ecran-interactif-educatifs.png",3024,4032,false],"thumbnail":["https:\/\/i-toile.com\/wp-content\/uploads\/2022\/01\/ecran-interactif-educatifs.png",113,150,false],"medium":["https:\/\/i-toile.com\/wp-content\/uploads\/2022\/01\/ecran-interactif-educatifs.png",225,300,false],"medium_large":["https:\/\/i-toile.com\/wp-content\/uploads\/2022\/01\/ecran-interactif-educatifs.png",768,1024,false],"large":["https:\/\/i-toile.com\/wp-content\/uploads\/2022\/01\/ecran-interactif-educatifs.png",768,1024,false],"1536x1536":["https:\/\/i-toile.com\/wp-content\/uploads\/2022\/01\/ecran-interactif-educatifs.png",1152,1536,false],"2048x2048":["https:\/\/i-toile.com\/wp-content\/uploads\/2022\/01\/ecran-interactif-educatifs.png",1536,2048,false],"trp-custom-language-flag":["https:\/\/i-toile.com\/wp-content\/uploads\/2022\/01\/ecran-interactif-educatifs.png",9,12,false],"woocommerce_thumbnail":["https:\/\/i-toile.com\/wp-content\/uploads\/2022\/01\/ecran-interactif-educatifs-300x300.png",300,300,true],"woocommerce_single":["https:\/\/i-toile.com\/wp-content\/uploads\/2022\/01\/ecran-interactif-educatifs-600x800.png",600,800,true],"woocommerce_gallery_thumbnail":["https:\/\/i-toile.com\/wp-content\/uploads\/2022\/01\/ecran-interactif-educatifs-100x100.png",100,100,true]},"uagb_author_info":{"display_name":"admin","author_link":"https:\/\/i-toile.com\/en\/blog\/author\/luca-guignongmail-com\/"},"uagb_comment_info":0,"uagb_excerpt":"Location Gestion du projet : Nous cr\u00e9ons une strat\u00e9gie de communication digitale sur votre espace physique afin de corriger vos contraintes et r\u00e9pondre \u00e0 vote objectif. Choix du mat\u00e9riel : Nous installons le mat\u00e9riel par nos soins ou une \u00e9quipe partenaire affili\u00e9e pour des raisons de qualit\u00e9 et de s\u00e9curit\u00e9. D\u00e9veloppement et illustration du contenue&hellip;","jetpack_sharing_enabled":true,"_links":{"self":[{"href":"https:\/\/i-toile.com\/en\/wp-json\/wp\/v2\/pages\/357","targetHints":{"allow":["GET"]}}],"collection":[{"href":"https:\/\/i-toile.com\/en\/wp-json\/wp\/v2\/pages"}],"about":[{"href":"https:\/\/i-toile.com\/en\/wp-json\/wp\/v2\/types\/page"}],"author":[{"embeddable":true,"href":"https:\/\/i-toile.com\/en\/wp-json\/wp\/v2\/users\/1"}],"replies":[{"embeddable":true,"href":"https:\/\/i-toile.com\/en\/wp-json\/wp\/v2\/comments?post=357"}],"version-history":[{"count":151,"href":"https:\/\/i-toile.com\/en\/wp-json\/wp\/v2\/pages\/357\/revisions"}],"predecessor-version":[{"id":6509,"href":"https:\/\/i-toile.com\/en\/wp-json\/wp\/v2\/pages\/357\/revisions\/6509"}],"up":[{"embeddable":true,"href":"https:\/\/i-toile.com\/en\/wp-json\/wp\/v2\/pages\/319"}],"wp:featuredmedia":[{"embeddable":true,"href":"https:\/\/i-toile.com\/en\/wp-json\/wp\/v2\/media\/4204"}],"wp:attachment":[{"href":"https:\/\/i-toile.com\/en\/wp-json\/wp\/v2\/media?parent=357"}],"curies":[{"name":"wp","href":"https:\/\/api.w.org\/{rel}","templated":true}]}}