{"id":5387,"date":"2023-01-03T20:05:12","date_gmt":"2023-01-03T19:05:12","guid":{"rendered":"https:\/\/i-toile.com\/?post_type=product&#038;p=5387"},"modified":"2024-07-11T14:26:37","modified_gmt":"2024-07-11T12:26:37","slug":"5387","status":"publish","type":"product","link":"https:\/\/i-toile.com\/en\/product\/5387\/","title":{"rendered":"Totem Tokyo"},"content":{"rendered":"<p><b>An indispensable tool to entertain, propose products, customize them, try them and brighten up your showroom<\/b><\/p>\n<p>The Tokyo is a totem with a touch screen mirror, designed by us, this furniture under a futuristic look, unique in its kind it will create a real customer experience in store.<\/p>\n<ul>\n<li>37 inch Stretch Screen<\/li>\n<li>Full HD 1920\u00d71540 screen<\/li>\n<li>Brightness: 700 cd\/m2<\/li>\n<li>Contrast: 4000:1<\/li>\n<li>Complete dimension of the body: 200x42x13cm<\/li>\n<li>6mm tactile mirror with 40 touch points<\/li>\n<li>Operating 24 hours a day and 7 days a week<\/li>\n<li>Support en aluminium made in France<\/li>\n<li>Wall or furniture mounting<\/li>\n<li>Portrait or landscape<\/li>\n<li>Optional touchscreen software on request<\/li>\n<li>Color white<\/li>\n<\/ul>\n<p>Delivered with its furniture support<\/p>\n<p>&nbsp;<\/p>","protected":false},"excerpt":{"rendered":"<p><b>I-toile has developed specialized furniture for the world of events and retail. An essential tool for entertaining, offering products, customizing them, trying them out and brightening up your showroom: the Tokyo totem<\/b><\/p>","protected":false},"featured_media":4990,"comment_status":"open","ping_status":"closed","template":"","meta":{"_uag_custom_page_level_css":"","site-sidebar-layout":"default","site-content-layout":"default","ast-site-content-layout":"default","site-content-style":"default","site-sidebar-style":"default","ast-global-header-display":"","ast-banner-title-visibility":"","ast-main-header-display":"","ast-hfb-above-header-display":"","ast-hfb-below-header-display":"","ast-hfb-mobile-header-display":"","site-post-title":"","ast-breadcrumbs-content":"","ast-featured-img":"","footer-sml-layout":"","ast-disable-related-posts":"","theme-transparent-header-meta":"default","adv-header-id-meta":"","stick-header-meta":"","header-above-stick-meta":"","header-main-stick-meta":"","header-below-stick-meta":"","astra-migrate-meta-layouts":"default","ast-page-background-enabled":"default","ast-page-background-meta":{"desktop":{"background-color":"","background-image":"","background-repeat":"repeat","background-position":"center center","background-size":"auto","background-attachment":"scroll","background-type":"","background-media":"","overlay-type":"","overlay-color":"","overlay-opacity":"","overlay-gradient":""},"tablet":{"background-color":"","background-image":"","background-repeat":"repeat","background-position":"center center","background-size":"auto","background-attachment":"scroll","background-type":"","background-media":"","overlay-type":"","overlay-color":"","overlay-opacity":"","overlay-gradient":""},"mobile":{"background-color":"","background-image":"","background-repeat":"repeat","background-position":"center center","background-size":"auto","background-attachment":"scroll","background-type":"","background-media":"","overlay-type":"","overlay-color":"","overlay-opacity":"","overlay-gradient":""}},"ast-content-background-meta":{"desktop":{"background-color":"var(--ast-global-color-5)","background-image":"","background-repeat":"repeat","background-position":"center center","background-size":"auto","background-attachment":"scroll","background-type":"","background-media":"","overlay-type":"","overlay-color":"","overlay-opacity":"","overlay-gradient":""},"tablet":{"background-color":"var(--ast-global-color-5)","background-image":"","background-repeat":"repeat","background-position":"center center","background-size":"auto","background-attachment":"scroll","background-type":"","background-media":"","overlay-type":"","overlay-color":"","overlay-opacity":"","overlay-gradient":""},"mobile":{"background-color":"var(--ast-global-color-5)","background-image":"","background-repeat":"repeat","background-position":"center center","background-size":"auto","background-attachment":"scroll","background-type":"","background-media":"","overlay-type":"","overlay-color":"","overlay-opacity":"","overlay-gradient":""}},"jetpack_post_was_ever_published":false},"product_brand":[],"product_cat":[85],"product_tag":[120,121,125,124,123,122],"class_list":{"0":"post-5387","1":"product","2":"type-product","3":"status-publish","4":"has-post-thumbnail","6":"product_cat-support-decran","7":"product_tag-ecran-miroir","8":"product_tag-ecran-miroir-tactile","9":"product_tag-experience-client","10":"product_tag-miroir-tactile","11":"product_tag-realite-virtuelle","12":"product_tag-totem-miroir-a-ecran-tactile","13":"desktop-align-left","14":"tablet-align-left","15":"mobile-align-left","17":"first","18":"instock","19":"taxable","20":"shipping-taxable","21":"purchasable","22":"product-type-simple"},"yoast_head":"<!-- This site is optimized with the Yoast SEO plugin v27.3 - https:\/\/yoast.com\/product\/yoast-seo-wordpress\/ -->\n<title>Totem Tokyo - Fabricant de mobilier digitaux<\/title>\n<meta name=\"description\" content=\"Notre Totem miroir a \u00e9cran tactile est un outil indispensable pour divertir, propos\u00e9 ses produits, les customiser, les essayer et \u00e9gayer son showroom\" \/>\n<meta name=\"robots\" content=\"index, follow, max-snippet:-1, max-image-preview:large, max-video-preview:-1\" \/>\n<link rel=\"canonical\" href=\"https:\/\/i-toile.com\/en\/product\/5387\/\" \/>\n<meta property=\"og:locale\" content=\"en_GB\" \/>\n<meta property=\"og:type\" content=\"article\" \/>\n<meta property=\"og:title\" content=\"Le Tokyo : \u00e9cran miroir tactile\" \/>\n<meta property=\"og:description\" content=\"Le Tokyo outil indispensable pour divertir, propos\u00e9 ses produits, les customiser, les essayer et \u00e9gayer son showroom\" \/>\n<meta property=\"og:url\" content=\"https:\/\/i-toile.com\/en\/product\/5387\/\" \/>\n<meta property=\"og:site_name\" content=\"Fabricant de mobilier digitaux\" \/>\n<meta property=\"article:publisher\" content=\"https:\/\/www.facebook.com\/itoile.communication.agence\/\" \/>\n<meta property=\"article:modified_time\" content=\"2024-07-11T12:26:37+00:00\" \/>\n<meta property=\"og:image\" content=\"https:\/\/i-toile.com\/wp-content\/uploads\/2022\/05\/totem-miroir-tactile.png\" \/>\n\t<meta property=\"og:image:width\" content=\"1080\" \/>\n\t<meta property=\"og:image:height\" content=\"1920\" \/>\n\t<meta property=\"og:image:type\" content=\"image\/png\" \/>\n<meta name=\"twitter:card\" content=\"summary_large_image\" \/>\n<meta name=\"twitter:label1\" content=\"Estimated reading time\" \/>\n\t<meta name=\"twitter:data1\" content=\"1 minute\" \/>\n<script type=\"application\/ld+json\" class=\"yoast-schema-graph\">{\"@context\":\"https:\\\/\\\/schema.org\",\"@graph\":[{\"@type\":\"WebPage\",\"@id\":\"https:\\\/\\\/i-toile.com\\\/produit\\\/5387\\\/\",\"url\":\"https:\\\/\\\/i-toile.com\\\/produit\\\/5387\\\/\",\"name\":\"Totem Tokyo - Fabricant de mobilier digitaux\",\"isPartOf\":{\"@id\":\"https:\\\/\\\/i-toile.com\\\/#website\"},\"primaryImageOfPage\":{\"@id\":\"https:\\\/\\\/i-toile.com\\\/produit\\\/5387\\\/#primaryimage\"},\"image\":{\"@id\":\"https:\\\/\\\/i-toile.com\\\/produit\\\/5387\\\/#primaryimage\"},\"thumbnailUrl\":\"https:\\\/\\\/i-toile.com\\\/wp-content\\\/uploads\\\/2022\\\/05\\\/totem-miroir-tactile.png\",\"datePublished\":\"2023-01-03T19:05:12+00:00\",\"dateModified\":\"2024-07-11T12:26:37+00:00\",\"description\":\"Notre Totem miroir a \u00e9cran tactile est un outil indispensable pour divertir, propos\u00e9 ses produits, les customiser, les essayer et \u00e9gayer son showroom\",\"breadcrumb\":{\"@id\":\"https:\\\/\\\/i-toile.com\\\/produit\\\/5387\\\/#breadcrumb\"},\"inLanguage\":\"en-GB\",\"potentialAction\":[{\"@type\":\"ReadAction\",\"target\":[\"https:\\\/\\\/i-toile.com\\\/produit\\\/5387\\\/\"]}]},{\"@type\":\"ImageObject\",\"inLanguage\":\"en-GB\",\"@id\":\"https:\\\/\\\/i-toile.com\\\/produit\\\/5387\\\/#primaryimage\",\"url\":\"https:\\\/\\\/i-toile.com\\\/wp-content\\\/uploads\\\/2022\\\/05\\\/totem-miroir-tactile.png\",\"contentUrl\":\"https:\\\/\\\/i-toile.com\\\/wp-content\\\/uploads\\\/2022\\\/05\\\/totem-miroir-tactile.png\",\"width\":1080,\"height\":1920,\"caption\":\"le Tokyo, notre miroir \u00e0 \u00e9cran tactile\"},{\"@type\":\"BreadcrumbList\",\"@id\":\"https:\\\/\\\/i-toile.com\\\/produit\\\/5387\\\/#breadcrumb\",\"itemListElement\":[{\"@type\":\"ListItem\",\"position\":1,\"name\":\"Accueil\",\"item\":\"https:\\\/\\\/i-toile.com\\\/\"},{\"@type\":\"ListItem\",\"position\":2,\"name\":\"I-Shop\",\"item\":\"https:\\\/\\\/i-toile.com\\\/i-toile-shop\\\/\"},{\"@type\":\"ListItem\",\"position\":3,\"name\":\"Totem Tokyo\"}]},{\"@type\":\"WebSite\",\"@id\":\"https:\\\/\\\/i-toile.com\\\/#website\",\"url\":\"https:\\\/\\\/i-toile.com\\\/\",\"name\":\"Fabricant de mobilier digitaux\",\"description\":\"\",\"publisher\":{\"@id\":\"https:\\\/\\\/i-toile.com\\\/#organization\"},\"potentialAction\":[{\"@type\":\"SearchAction\",\"target\":{\"@type\":\"EntryPoint\",\"urlTemplate\":\"https:\\\/\\\/i-toile.com\\\/?s={search_term_string}\"},\"query-input\":{\"@type\":\"PropertyValueSpecification\",\"valueRequired\":true,\"valueName\":\"search_term_string\"}}],\"inLanguage\":\"en-GB\"},{\"@type\":\"Organization\",\"@id\":\"https:\\\/\\\/i-toile.com\\\/#organization\",\"name\":\"Fabricant de mobilier digitaux\",\"url\":\"https:\\\/\\\/i-toile.com\\\/\",\"logo\":{\"@type\":\"ImageObject\",\"inLanguage\":\"en-GB\",\"@id\":\"https:\\\/\\\/i-toile.com\\\/#\\\/schema\\\/logo\\\/image\\\/\",\"url\":\"https:\\\/\\\/i-toile.com\\\/wp-content\\\/uploads\\\/2022\\\/07\\\/cropped-cropped-logo-fluo-fond-transparant-4.png\",\"contentUrl\":\"https:\\\/\\\/i-toile.com\\\/wp-content\\\/uploads\\\/2022\\\/07\\\/cropped-cropped-logo-fluo-fond-transparant-4.png\",\"width\":1998,\"height\":1152,\"caption\":\"Fabricant de mobilier digitaux\"},\"image\":{\"@id\":\"https:\\\/\\\/i-toile.com\\\/#\\\/schema\\\/logo\\\/image\\\/\"},\"sameAs\":[\"https:\\\/\\\/www.facebook.com\\\/itoile.communication.agence\\\/\",\"https:\\\/\\\/www.linkedin.com\\\/company\\\/i-toile-digital-signage\"]}]}<\/script>\n<!-- \/ Yoast SEO plugin. -->","yoast_head_json":{"title":"Totem Tokyo - Fabricant de mobilier digitaux","description":"Notre Totem miroir a \u00e9cran tactile est un outil indispensable pour divertir, propos\u00e9 ses produits, les customiser, les essayer et \u00e9gayer son showroom","robots":{"index":"index","follow":"follow","max-snippet":"max-snippet:-1","max-image-preview":"max-image-preview:large","max-video-preview":"max-video-preview:-1"},"canonical":"https:\/\/i-toile.com\/en\/product\/5387\/","og_locale":"en_GB","og_type":"article","og_title":"Le Tokyo : \u00e9cran miroir tactile","og_description":"Le Tokyo outil indispensable pour divertir, propos\u00e9 ses produits, les customiser, les essayer et \u00e9gayer son showroom","og_url":"https:\/\/i-toile.com\/en\/product\/5387\/","og_site_name":"Fabricant de mobilier digitaux","article_publisher":"https:\/\/www.facebook.com\/itoile.communication.agence\/","article_modified_time":"2024-07-11T12:26:37+00:00","og_image":[{"width":1080,"height":1920,"url":"https:\/\/i-toile.com\/wp-content\/uploads\/2022\/05\/totem-miroir-tactile.png","type":"image\/png"}],"twitter_card":"summary_large_image","twitter_misc":{"Estimated reading time":"1 minute"},"schema":{"@context":"https:\/\/schema.org","@graph":[{"@type":"WebPage","@id":"https:\/\/i-toile.com\/produit\/5387\/","url":"https:\/\/i-toile.com\/produit\/5387\/","name":"Totem Tokyo - Fabricant de mobilier digitaux","isPartOf":{"@id":"https:\/\/i-toile.com\/#website"},"primaryImageOfPage":{"@id":"https:\/\/i-toile.com\/produit\/5387\/#primaryimage"},"image":{"@id":"https:\/\/i-toile.com\/produit\/5387\/#primaryimage"},"thumbnailUrl":"https:\/\/i-toile.com\/wp-content\/uploads\/2022\/05\/totem-miroir-tactile.png","datePublished":"2023-01-03T19:05:12+00:00","dateModified":"2024-07-11T12:26:37+00:00","description":"Notre Totem miroir a \u00e9cran tactile est un outil indispensable pour divertir, propos\u00e9 ses produits, les customiser, les essayer et \u00e9gayer son showroom","breadcrumb":{"@id":"https:\/\/i-toile.com\/produit\/5387\/#breadcrumb"},"inLanguage":"en-GB","potentialAction":[{"@type":"ReadAction","target":["https:\/\/i-toile.com\/produit\/5387\/"]}]},{"@type":"ImageObject","inLanguage":"en-GB","@id":"https:\/\/i-toile.com\/produit\/5387\/#primaryimage","url":"https:\/\/i-toile.com\/wp-content\/uploads\/2022\/05\/totem-miroir-tactile.png","contentUrl":"https:\/\/i-toile.com\/wp-content\/uploads\/2022\/05\/totem-miroir-tactile.png","width":1080,"height":1920,"caption":"le Tokyo, notre miroir \u00e0 \u00e9cran tactile"},{"@type":"BreadcrumbList","@id":"https:\/\/i-toile.com\/produit\/5387\/#breadcrumb","itemListElement":[{"@type":"ListItem","position":1,"name":"Accueil","item":"https:\/\/i-toile.com\/"},{"@type":"ListItem","position":2,"name":"I-Shop","item":"https:\/\/i-toile.com\/i-toile-shop\/"},{"@type":"ListItem","position":3,"name":"Totem Tokyo"}]},{"@type":"WebSite","@id":"https:\/\/i-toile.com\/#website","url":"https:\/\/i-toile.com\/","name":"Fabricant de mobilier digitaux","description":"","publisher":{"@id":"https:\/\/i-toile.com\/#organization"},"potentialAction":[{"@type":"SearchAction","target":{"@type":"EntryPoint","urlTemplate":"https:\/\/i-toile.com\/?s={search_term_string}"},"query-input":{"@type":"PropertyValueSpecification","valueRequired":true,"valueName":"search_term_string"}}],"inLanguage":"en-GB"},{"@type":"Organization","@id":"https:\/\/i-toile.com\/#organization","name":"Fabricant de mobilier digitaux","url":"https:\/\/i-toile.com\/","logo":{"@type":"ImageObject","inLanguage":"en-GB","@id":"https:\/\/i-toile.com\/#\/schema\/logo\/image\/","url":"https:\/\/i-toile.com\/wp-content\/uploads\/2022\/07\/cropped-cropped-logo-fluo-fond-transparant-4.png","contentUrl":"https:\/\/i-toile.com\/wp-content\/uploads\/2022\/07\/cropped-cropped-logo-fluo-fond-transparant-4.png","width":1998,"height":1152,"caption":"Fabricant de mobilier digitaux"},"image":{"@id":"https:\/\/i-toile.com\/#\/schema\/logo\/image\/"},"sameAs":["https:\/\/www.facebook.com\/itoile.communication.agence\/","https:\/\/www.linkedin.com\/company\/i-toile-digital-signage"]}]}},"uagb_featured_image_src":{"full":["https:\/\/i-toile.com\/wp-content\/uploads\/2022\/05\/totem-miroir-tactile.png",1080,1920,false],"thumbnail":["https:\/\/i-toile.com\/wp-content\/uploads\/2022\/05\/totem-miroir-tactile-150x150.png",150,150,true],"medium":["https:\/\/i-toile.com\/wp-content\/uploads\/2022\/05\/totem-miroir-tactile-169x300.png",169,300,true],"medium_large":["https:\/\/i-toile.com\/wp-content\/uploads\/2022\/05\/totem-miroir-tactile-768x1365.png",768,1365,true],"large":["https:\/\/i-toile.com\/wp-content\/uploads\/2022\/05\/totem-miroir-tactile-576x1024.png",576,1024,true],"1536x1536":["https:\/\/i-toile.com\/wp-content\/uploads\/2022\/05\/totem-miroir-tactile-864x1536.png",864,1536,true],"2048x2048":["https:\/\/i-toile.com\/wp-content\/uploads\/2022\/05\/totem-miroir-tactile.png",1080,1920,false],"trp-custom-language-flag":["https:\/\/i-toile.com\/wp-content\/uploads\/2022\/05\/totem-miroir-tactile.png",7,12,false],"woocommerce_thumbnail":["https:\/\/i-toile.com\/wp-content\/uploads\/2022\/05\/totem-miroir-tactile-300x300.png",300,300,true],"woocommerce_single":["https:\/\/i-toile.com\/wp-content\/uploads\/2022\/05\/totem-miroir-tactile-600x1067.png",600,1067,true],"woocommerce_gallery_thumbnail":["https:\/\/i-toile.com\/wp-content\/uploads\/2022\/05\/totem-miroir-tactile-100x100.png",100,100,true]},"uagb_author_info":{"display_name":"I-TOILE","author_link":"https:\/\/i-toile.com\/en\/blog\/author\/"},"uagb_comment_info":1,"uagb_excerpt":"I-toile \u00e0 d\u00e9velopper un mobilier sp\u00e9cialis\u00e9 pour le monde de l\u2019\u00e9v\u00e8nement et du retail. Un outil indispensable pour divertir, propos\u00e9 ses produits, les customiser, les essayer et \u00e9gayer son showroom : le totem Tokyo","jetpack_sharing_enabled":true,"_links":{"self":[{"href":"https:\/\/i-toile.com\/en\/wp-json\/wp\/v2\/product\/5387","targetHints":{"allow":["GET"]}}],"collection":[{"href":"https:\/\/i-toile.com\/en\/wp-json\/wp\/v2\/product"}],"about":[{"href":"https:\/\/i-toile.com\/en\/wp-json\/wp\/v2\/types\/product"}],"replies":[{"embeddable":true,"href":"https:\/\/i-toile.com\/en\/wp-json\/wp\/v2\/comments?post=5387"}],"wp:featuredmedia":[{"embeddable":true,"href":"https:\/\/i-toile.com\/en\/wp-json\/wp\/v2\/media\/4990"}],"wp:attachment":[{"href":"https:\/\/i-toile.com\/en\/wp-json\/wp\/v2\/media?parent=5387"}],"wp:term":[{"taxonomy":"product_brand","embeddable":true,"href":"https:\/\/i-toile.com\/en\/wp-json\/wp\/v2\/product_brand?post=5387"},{"taxonomy":"product_cat","embeddable":true,"href":"https:\/\/i-toile.com\/en\/wp-json\/wp\/v2\/product_cat?post=5387"},{"taxonomy":"product_tag","embeddable":true,"href":"https:\/\/i-toile.com\/en\/wp-json\/wp\/v2\/product_tag?post=5387"}],"curies":[{"name":"wp","href":"https:\/\/api.w.org\/{rel}","templated":true}]}}