{"id":5450,"date":"2023-03-28T14:29:49","date_gmt":"2023-03-28T12:29:49","guid":{"rendered":"https:\/\/i-toile.com\/?post_type=product&#038;p=5450"},"modified":"2023-03-28T16:33:20","modified_gmt":"2023-03-28T14:33:20","slug":"nettoyant-ecran-professionnel","status":"publish","type":"product","link":"https:\/\/i-toile.com\/en\/product\/nettoyant-ecran-professionnel\/","title":{"rendered":"Professional screen maintenance kit"},"content":{"rendered":"<p><strong>Screen maintenance kit<\/strong><\/p>\n<p>Contiens :<\/p>\n<ul>\n<li>1 Spray cleaner for your digital signage and interactive screens professional of 30ML. Spray with liquid cleaner for digital signage and touch screens. Do not spray on hot surfaces. Spray evenly on the surface to be treated and let it act for a few moments. Wipe with a clean, dry cloth. Do not let dry. For keyboards, electrical appliances and painted surfaces, apply the product directly to the cloth.<\/li>\n<li>2 Microfiber cloths of 180 cm<\/li>\n<li>1 box allowing to insert the remote control of the display and the documents of guarantee in order not to lose anything. (remote control and document not included)<\/li>\n<\/ul>","protected":false},"excerpt":{"rendered":"<p><strong>1<\/strong> Cleaning spray for your professional digital signage screens of 30ML<\/p>\n<p><strong>2<\/strong> Microfiber cloths<\/p>","protected":false},"featured_media":5449,"comment_status":"open","ping_status":"closed","template":"","meta":{"_uag_custom_page_level_css":"","site-sidebar-layout":"default","site-content-layout":"default","ast-site-content-layout":"default","site-content-style":"default","site-sidebar-style":"default","ast-global-header-display":"","ast-banner-title-visibility":"","ast-main-header-display":"","ast-hfb-above-header-display":"","ast-hfb-below-header-display":"","ast-hfb-mobile-header-display":"","site-post-title":"","ast-breadcrumbs-content":"","ast-featured-img":"","footer-sml-layout":"","ast-disable-related-posts":"","theme-transparent-header-meta":"default","adv-header-id-meta":"","stick-header-meta":"","header-above-stick-meta":"","header-main-stick-meta":"","header-below-stick-meta":"","astra-migrate-meta-layouts":"default","ast-page-background-enabled":"default","ast-page-background-meta":{"desktop":{"background-color":"","background-image":"","background-repeat":"repeat","background-position":"center center","background-size":"auto","background-attachment":"scroll","background-type":"","background-media":"","overlay-type":"","overlay-color":"","overlay-opacity":"","overlay-gradient":""},"tablet":{"background-color":"","background-image":"","background-repeat":"repeat","background-position":"center center","background-size":"auto","background-attachment":"scroll","background-type":"","background-media":"","overlay-type":"","overlay-color":"","overlay-opacity":"","overlay-gradient":""},"mobile":{"background-color":"","background-image":"","background-repeat":"repeat","background-position":"center center","background-size":"auto","background-attachment":"scroll","background-type":"","background-media":"","overlay-type":"","overlay-color":"","overlay-opacity":"","overlay-gradient":""}},"ast-content-background-meta":{"desktop":{"background-color":"var(--ast-global-color-5)","background-image":"","background-repeat":"repeat","background-position":"center center","background-size":"auto","background-attachment":"scroll","background-type":"","background-media":"","overlay-type":"","overlay-color":"","overlay-opacity":"","overlay-gradient":""},"tablet":{"background-color":"var(--ast-global-color-5)","background-image":"","background-repeat":"repeat","background-position":"center center","background-size":"auto","background-attachment":"scroll","background-type":"","background-media":"","overlay-type":"","overlay-color":"","overlay-opacity":"","overlay-gradient":""},"mobile":{"background-color":"var(--ast-global-color-5)","background-image":"","background-repeat":"repeat","background-position":"center center","background-size":"auto","background-attachment":"scroll","background-type":"","background-media":"","overlay-type":"","overlay-color":"","overlay-opacity":"","overlay-gradient":""}},"jetpack_post_was_ever_published":false},"product_brand":[],"product_cat":[126],"product_tag":[131,129,127,130,128,132],"class_list":{"0":"post-5450","1":"product","2":"type-product","3":"status-publish","4":"has-post-thumbnail","6":"product_cat-accessoire","7":"product_tag-chiffons-microfibre","8":"product_tag-clean-screen","9":"product_tag-entretien-ecran","10":"product_tag-kit-dentretien-ecran","11":"product_tag-nettoyant-ecran","12":"product_tag-spray-nettoyant-ecran-professionnel","13":"product_shipping_class-0-a-2-kg","14":"desktop-align-left","15":"tablet-align-left","16":"mobile-align-left","18":"first","19":"instock","20":"taxable","21":"shipping-taxable","22":"purchasable","23":"product-type-simple"},"yoast_head":"<!-- This site is optimized with the Yoast SEO plugin v27.3 - https:\/\/yoast.com\/product\/yoast-seo-wordpress\/ -->\n<title>Kit d&#039;entretien \u00e9cran professionnel - Fabricant de mobilier digitaux<\/title>\n<meta name=\"description\" content=\"Faites briller vos \u00e9crans avec notre kit de nettoyage \u00e9cran professionnel, contenant 1 spray de 30 ml et 2 chiffons microfibre haute performance.\" \/>\n<meta name=\"robots\" content=\"index, follow, max-snippet:-1, max-image-preview:large, max-video-preview:-1\" \/>\n<link rel=\"canonical\" href=\"https:\/\/i-toile.com\/en\/product\/nettoyant-ecran-professionnel\/\" \/>\n<meta property=\"og:locale\" content=\"en_GB\" \/>\n<meta property=\"og:type\" content=\"article\" \/>\n<meta property=\"og:title\" content=\"Kit d&#039;entretien \u00e9cran\" \/>\n<meta property=\"og:description\" content=\"Faites briller vos \u00e9crans avec notre kit de nettoyage \u00e9cran professionnel, contenant 1 spray de 30 ml et 2 chiffons microfibre haute performance.\" \/>\n<meta property=\"og:url\" content=\"https:\/\/i-toile.com\/en\/product\/nettoyant-ecran-professionnel\/\" \/>\n<meta property=\"og:site_name\" content=\"Fabricant de mobilier digitaux\" \/>\n<meta property=\"article:publisher\" content=\"https:\/\/www.facebook.com\/itoile.communication.agence\/\" \/>\n<meta property=\"article:modified_time\" content=\"2023-03-28T14:33:20+00:00\" \/>\n<meta property=\"og:image\" content=\"https:\/\/i-toile.com\/wp-content\/uploads\/2023\/03\/kit-dentretien-1.jpg\" \/>\n\t<meta property=\"og:image:width\" content=\"2000\" \/>\n\t<meta property=\"og:image:height\" content=\"2000\" \/>\n\t<meta property=\"og:image:type\" content=\"image\/jpeg\" \/>\n<meta name=\"twitter:card\" content=\"summary_large_image\" \/>\n<meta name=\"twitter:label1\" content=\"Estimated reading time\" \/>\n\t<meta name=\"twitter:data1\" content=\"1 minute\" \/>\n<script type=\"application\/ld+json\" class=\"yoast-schema-graph\">{\"@context\":\"https:\\\/\\\/schema.org\",\"@graph\":[{\"@type\":\"WebPage\",\"@id\":\"https:\\\/\\\/i-toile.com\\\/produit\\\/nettoyant-ecran-professionnel\\\/\",\"url\":\"https:\\\/\\\/i-toile.com\\\/produit\\\/nettoyant-ecran-professionnel\\\/\",\"name\":\"Kit d'entretien \u00e9cran professionnel - Fabricant de mobilier digitaux\",\"isPartOf\":{\"@id\":\"https:\\\/\\\/i-toile.com\\\/#website\"},\"primaryImageOfPage\":{\"@id\":\"https:\\\/\\\/i-toile.com\\\/produit\\\/nettoyant-ecran-professionnel\\\/#primaryimage\"},\"image\":{\"@id\":\"https:\\\/\\\/i-toile.com\\\/produit\\\/nettoyant-ecran-professionnel\\\/#primaryimage\"},\"thumbnailUrl\":\"https:\\\/\\\/i-toile.com\\\/wp-content\\\/uploads\\\/2023\\\/03\\\/kit-dentretien-blanc.jpg\",\"datePublished\":\"2023-03-28T12:29:49+00:00\",\"dateModified\":\"2023-03-28T14:33:20+00:00\",\"description\":\"Faites briller vos \u00e9crans avec notre kit de nettoyage \u00e9cran professionnel, contenant 1 spray de 30 ml et 2 chiffons microfibre haute performance.\",\"breadcrumb\":{\"@id\":\"https:\\\/\\\/i-toile.com\\\/produit\\\/nettoyant-ecran-professionnel\\\/#breadcrumb\"},\"inLanguage\":\"en-GB\",\"potentialAction\":[{\"@type\":\"ReadAction\",\"target\":[\"https:\\\/\\\/i-toile.com\\\/produit\\\/nettoyant-ecran-professionnel\\\/\"]}]},{\"@type\":\"ImageObject\",\"inLanguage\":\"en-GB\",\"@id\":\"https:\\\/\\\/i-toile.com\\\/produit\\\/nettoyant-ecran-professionnel\\\/#primaryimage\",\"url\":\"https:\\\/\\\/i-toile.com\\\/wp-content\\\/uploads\\\/2023\\\/03\\\/kit-dentretien-blanc.jpg\",\"contentUrl\":\"https:\\\/\\\/i-toile.com\\\/wp-content\\\/uploads\\\/2023\\\/03\\\/kit-dentretien-blanc.jpg\",\"width\":2000,\"height\":2000,\"caption\":\"spray nettoyant \u00e9crans professionnel\"},{\"@type\":\"BreadcrumbList\",\"@id\":\"https:\\\/\\\/i-toile.com\\\/produit\\\/nettoyant-ecran-professionnel\\\/#breadcrumb\",\"itemListElement\":[{\"@type\":\"ListItem\",\"position\":1,\"name\":\"Accueil\",\"item\":\"https:\\\/\\\/i-toile.com\\\/\"},{\"@type\":\"ListItem\",\"position\":2,\"name\":\"I-Shop\",\"item\":\"https:\\\/\\\/i-toile.com\\\/i-toile-shop\\\/\"},{\"@type\":\"ListItem\",\"position\":3,\"name\":\"Kit d&#8217;entretien \u00e9cran professionnel\"}]},{\"@type\":\"WebSite\",\"@id\":\"https:\\\/\\\/i-toile.com\\\/#website\",\"url\":\"https:\\\/\\\/i-toile.com\\\/\",\"name\":\"Fabricant de mobilier digitaux\",\"description\":\"\",\"publisher\":{\"@id\":\"https:\\\/\\\/i-toile.com\\\/#organization\"},\"potentialAction\":[{\"@type\":\"SearchAction\",\"target\":{\"@type\":\"EntryPoint\",\"urlTemplate\":\"https:\\\/\\\/i-toile.com\\\/?s={search_term_string}\"},\"query-input\":{\"@type\":\"PropertyValueSpecification\",\"valueRequired\":true,\"valueName\":\"search_term_string\"}}],\"inLanguage\":\"en-GB\"},{\"@type\":\"Organization\",\"@id\":\"https:\\\/\\\/i-toile.com\\\/#organization\",\"name\":\"Fabricant de mobilier digitaux\",\"url\":\"https:\\\/\\\/i-toile.com\\\/\",\"logo\":{\"@type\":\"ImageObject\",\"inLanguage\":\"en-GB\",\"@id\":\"https:\\\/\\\/i-toile.com\\\/#\\\/schema\\\/logo\\\/image\\\/\",\"url\":\"https:\\\/\\\/i-toile.com\\\/wp-content\\\/uploads\\\/2022\\\/07\\\/cropped-cropped-logo-fluo-fond-transparant-4.png\",\"contentUrl\":\"https:\\\/\\\/i-toile.com\\\/wp-content\\\/uploads\\\/2022\\\/07\\\/cropped-cropped-logo-fluo-fond-transparant-4.png\",\"width\":1998,\"height\":1152,\"caption\":\"Fabricant de mobilier digitaux\"},\"image\":{\"@id\":\"https:\\\/\\\/i-toile.com\\\/#\\\/schema\\\/logo\\\/image\\\/\"},\"sameAs\":[\"https:\\\/\\\/www.facebook.com\\\/itoile.communication.agence\\\/\",\"https:\\\/\\\/www.linkedin.com\\\/company\\\/i-toile-digital-signage\"]}]}<\/script>\n<!-- \/ Yoast SEO plugin. -->","yoast_head_json":{"title":"Kit d'entretien \u00e9cran professionnel - Fabricant de mobilier digitaux","description":"Faites briller vos \u00e9crans avec notre kit de nettoyage \u00e9cran professionnel, contenant 1 spray de 30 ml et 2 chiffons microfibre haute performance.","robots":{"index":"index","follow":"follow","max-snippet":"max-snippet:-1","max-image-preview":"max-image-preview:large","max-video-preview":"max-video-preview:-1"},"canonical":"https:\/\/i-toile.com\/en\/product\/nettoyant-ecran-professionnel\/","og_locale":"en_GB","og_type":"article","og_title":"Kit d'entretien \u00e9cran","og_description":"Faites briller vos \u00e9crans avec notre kit de nettoyage \u00e9cran professionnel, contenant 1 spray de 30 ml et 2 chiffons microfibre haute performance.","og_url":"https:\/\/i-toile.com\/en\/product\/nettoyant-ecran-professionnel\/","og_site_name":"Fabricant de mobilier digitaux","article_publisher":"https:\/\/www.facebook.com\/itoile.communication.agence\/","article_modified_time":"2023-03-28T14:33:20+00:00","og_image":[{"width":2000,"height":2000,"url":"https:\/\/i-toile.com\/wp-content\/uploads\/2023\/03\/kit-dentretien-1.jpg","type":"image\/jpeg"}],"twitter_card":"summary_large_image","twitter_misc":{"Estimated reading time":"1 minute"},"schema":{"@context":"https:\/\/schema.org","@graph":[{"@type":"WebPage","@id":"https:\/\/i-toile.com\/produit\/nettoyant-ecran-professionnel\/","url":"https:\/\/i-toile.com\/produit\/nettoyant-ecran-professionnel\/","name":"Kit d'entretien \u00e9cran professionnel - Fabricant de mobilier digitaux","isPartOf":{"@id":"https:\/\/i-toile.com\/#website"},"primaryImageOfPage":{"@id":"https:\/\/i-toile.com\/produit\/nettoyant-ecran-professionnel\/#primaryimage"},"image":{"@id":"https:\/\/i-toile.com\/produit\/nettoyant-ecran-professionnel\/#primaryimage"},"thumbnailUrl":"https:\/\/i-toile.com\/wp-content\/uploads\/2023\/03\/kit-dentretien-blanc.jpg","datePublished":"2023-03-28T12:29:49+00:00","dateModified":"2023-03-28T14:33:20+00:00","description":"Faites briller vos \u00e9crans avec notre kit de nettoyage \u00e9cran professionnel, contenant 1 spray de 30 ml et 2 chiffons microfibre haute performance.","breadcrumb":{"@id":"https:\/\/i-toile.com\/produit\/nettoyant-ecran-professionnel\/#breadcrumb"},"inLanguage":"en-GB","potentialAction":[{"@type":"ReadAction","target":["https:\/\/i-toile.com\/produit\/nettoyant-ecran-professionnel\/"]}]},{"@type":"ImageObject","inLanguage":"en-GB","@id":"https:\/\/i-toile.com\/produit\/nettoyant-ecran-professionnel\/#primaryimage","url":"https:\/\/i-toile.com\/wp-content\/uploads\/2023\/03\/kit-dentretien-blanc.jpg","contentUrl":"https:\/\/i-toile.com\/wp-content\/uploads\/2023\/03\/kit-dentretien-blanc.jpg","width":2000,"height":2000,"caption":"spray nettoyant \u00e9crans professionnel"},{"@type":"BreadcrumbList","@id":"https:\/\/i-toile.com\/produit\/nettoyant-ecran-professionnel\/#breadcrumb","itemListElement":[{"@type":"ListItem","position":1,"name":"Accueil","item":"https:\/\/i-toile.com\/"},{"@type":"ListItem","position":2,"name":"I-Shop","item":"https:\/\/i-toile.com\/i-toile-shop\/"},{"@type":"ListItem","position":3,"name":"Kit d&#8217;entretien \u00e9cran professionnel"}]},{"@type":"WebSite","@id":"https:\/\/i-toile.com\/#website","url":"https:\/\/i-toile.com\/","name":"Fabricant de mobilier digitaux","description":"","publisher":{"@id":"https:\/\/i-toile.com\/#organization"},"potentialAction":[{"@type":"SearchAction","target":{"@type":"EntryPoint","urlTemplate":"https:\/\/i-toile.com\/?s={search_term_string}"},"query-input":{"@type":"PropertyValueSpecification","valueRequired":true,"valueName":"search_term_string"}}],"inLanguage":"en-GB"},{"@type":"Organization","@id":"https:\/\/i-toile.com\/#organization","name":"Fabricant de mobilier digitaux","url":"https:\/\/i-toile.com\/","logo":{"@type":"ImageObject","inLanguage":"en-GB","@id":"https:\/\/i-toile.com\/#\/schema\/logo\/image\/","url":"https:\/\/i-toile.com\/wp-content\/uploads\/2022\/07\/cropped-cropped-logo-fluo-fond-transparant-4.png","contentUrl":"https:\/\/i-toile.com\/wp-content\/uploads\/2022\/07\/cropped-cropped-logo-fluo-fond-transparant-4.png","width":1998,"height":1152,"caption":"Fabricant de mobilier digitaux"},"image":{"@id":"https:\/\/i-toile.com\/#\/schema\/logo\/image\/"},"sameAs":["https:\/\/www.facebook.com\/itoile.communication.agence\/","https:\/\/www.linkedin.com\/company\/i-toile-digital-signage"]}]}},"uagb_featured_image_src":{"full":["https:\/\/i-toile.com\/wp-content\/uploads\/2023\/03\/kit-dentretien-blanc.jpg",2000,2000,false],"thumbnail":["https:\/\/i-toile.com\/wp-content\/uploads\/2023\/03\/kit-dentretien-blanc-150x150.jpg",150,150,true],"medium":["https:\/\/i-toile.com\/wp-content\/uploads\/2023\/03\/kit-dentretien-blanc-300x300.jpg",300,300,true],"medium_large":["https:\/\/i-toile.com\/wp-content\/uploads\/2023\/03\/kit-dentretien-blanc-768x768.jpg",768,768,true],"large":["https:\/\/i-toile.com\/wp-content\/uploads\/2023\/03\/kit-dentretien-blanc-1024x1024.jpg",1024,1024,true],"1536x1536":["https:\/\/i-toile.com\/wp-content\/uploads\/2023\/03\/kit-dentretien-blanc-1536x1536.jpg",1536,1536,true],"2048x2048":["https:\/\/i-toile.com\/wp-content\/uploads\/2023\/03\/kit-dentretien-blanc.jpg",2000,2000,false],"trp-custom-language-flag":["https:\/\/i-toile.com\/wp-content\/uploads\/2023\/03\/kit-dentretien-blanc-12x12.jpg",12,12,true],"woocommerce_thumbnail":["https:\/\/i-toile.com\/wp-content\/uploads\/2023\/03\/kit-dentretien-blanc-300x300.jpg",300,300,true],"woocommerce_single":["https:\/\/i-toile.com\/wp-content\/uploads\/2023\/03\/kit-dentretien-blanc-600x600.jpg",600,600,true],"woocommerce_gallery_thumbnail":["https:\/\/i-toile.com\/wp-content\/uploads\/2023\/03\/kit-dentretien-blanc-100x100.jpg",100,100,true]},"uagb_author_info":{"display_name":"I-TOILE","author_link":"https:\/\/i-toile.com\/en\/blog\/author\/"},"uagb_comment_info":2,"uagb_excerpt":"1 Spray nettoyant pour vos \u00e9crans d'affichage dynamique et interactif professionnel de 30ML 2 Chiffons microfibre","jetpack_sharing_enabled":true,"_links":{"self":[{"href":"https:\/\/i-toile.com\/en\/wp-json\/wp\/v2\/product\/5450","targetHints":{"allow":["GET"]}}],"collection":[{"href":"https:\/\/i-toile.com\/en\/wp-json\/wp\/v2\/product"}],"about":[{"href":"https:\/\/i-toile.com\/en\/wp-json\/wp\/v2\/types\/product"}],"replies":[{"embeddable":true,"href":"https:\/\/i-toile.com\/en\/wp-json\/wp\/v2\/comments?post=5450"}],"wp:featuredmedia":[{"embeddable":true,"href":"https:\/\/i-toile.com\/en\/wp-json\/wp\/v2\/media\/5449"}],"wp:attachment":[{"href":"https:\/\/i-toile.com\/en\/wp-json\/wp\/v2\/media?parent=5450"}],"wp:term":[{"taxonomy":"product_brand","embeddable":true,"href":"https:\/\/i-toile.com\/en\/wp-json\/wp\/v2\/product_brand?post=5450"},{"taxonomy":"product_cat","embeddable":true,"href":"https:\/\/i-toile.com\/en\/wp-json\/wp\/v2\/product_cat?post=5450"},{"taxonomy":"product_tag","embeddable":true,"href":"https:\/\/i-toile.com\/en\/wp-json\/wp\/v2\/product_tag?post=5450"}],"curies":[{"name":"wp","href":"https:\/\/api.w.org\/{rel}","templated":true}]}}