{"id":6658,"date":"2023-08-29T11:12:03","date_gmt":"2023-08-29T09:12:03","guid":{"rendered":"https:\/\/i-toile.com\/?post_type=product&#038;p=6658"},"modified":"2025-03-31T18:38:58","modified_gmt":"2025-03-31T16:38:58","slug":"totem-new-yorkais-paysage","status":"publish","type":"product","link":"https:\/\/i-toile.com\/en\/product\/totem-new-yorkais-paysage\/","title":{"rendered":"New York landscape totem pole"},"content":{"rendered":"<p>Double your traffic in your agency and reinforce your brand image with our new NEW YORK window totem, made in France with eco-responsible materials and customizable. Robust and durable over time, it can be equipped with a 46, 55 or 75 inch Samsung high brightness screen. The screen is not included in the price list, but can be added upon request.<\/p>\n<ul>\n<li>Suitable for 46, 55 and 75 inch screen<\/li>\n<li>VESA 400x 400 or 400\u00d7600<\/li>\n<li>Landscape format<\/li>\n<li>Support to be fixed on the ground<\/li>\n<li>RJ45 and IEC socket integrated at the bottom of the totem<\/li>\n<li>Choice of colors<\/li>\n<li>Ventilated back cover included<\/li>\n<li>Steel Chassis<\/li>\n<li>Minimum height 200cm<\/li>\n<li>Maximum height 220cm<\/li>\n<\/ul>","protected":false},"excerpt":{"rendered":"<p>Double your agency attendance and increase your brand image thanks to our new NEW YORKAIS showcase totem, made in France, customizable and designed with eco-responsible materials. Robust and durable over time, it can be equipped with a high-brightness Samsung 46, 55 and 75 inch screen.<\/p>","protected":false},"featured_media":7364,"comment_status":"open","ping_status":"closed","template":"","meta":{"_uag_custom_page_level_css":"","site-sidebar-layout":"default","site-content-layout":"default","ast-site-content-layout":"default","site-content-style":"default","site-sidebar-style":"default","ast-global-header-display":"","ast-banner-title-visibility":"","ast-main-header-display":"","ast-hfb-above-header-display":"","ast-hfb-below-header-display":"","ast-hfb-mobile-header-display":"","site-post-title":"","ast-breadcrumbs-content":"","ast-featured-img":"","footer-sml-layout":"","ast-disable-related-posts":"","theme-transparent-header-meta":"default","adv-header-id-meta":"","stick-header-meta":"","header-above-stick-meta":"","header-main-stick-meta":"","header-below-stick-meta":"","astra-migrate-meta-layouts":"set","ast-page-background-enabled":"default","ast-page-background-meta":{"desktop":{"background-color":"","background-image":"","background-repeat":"repeat","background-position":"center center","background-size":"auto","background-attachment":"scroll","background-type":"","background-media":"","overlay-type":"","overlay-color":"","overlay-opacity":"","overlay-gradient":""},"tablet":{"background-color":"","background-image":"","background-repeat":"repeat","background-position":"center center","background-size":"auto","background-attachment":"scroll","background-type":"","background-media":"","overlay-type":"","overlay-color":"","overlay-opacity":"","overlay-gradient":""},"mobile":{"background-color":"","background-image":"","background-repeat":"repeat","background-position":"center center","background-size":"auto","background-attachment":"scroll","background-type":"","background-media":"","overlay-type":"","overlay-color":"","overlay-opacity":"","overlay-gradient":""}},"ast-content-background-meta":{"desktop":{"background-color":"var(--ast-global-color-5)","background-image":"","background-repeat":"repeat","background-position":"center center","background-size":"auto","background-attachment":"scroll","background-type":"","background-media":"","overlay-type":"","overlay-color":"","overlay-opacity":"","overlay-gradient":""},"tablet":{"background-color":"var(--ast-global-color-5)","background-image":"","background-repeat":"repeat","background-position":"center center","background-size":"auto","background-attachment":"scroll","background-type":"","background-media":"","overlay-type":"","overlay-color":"","overlay-opacity":"","overlay-gradient":""},"mobile":{"background-color":"var(--ast-global-color-5)","background-image":"","background-repeat":"repeat","background-position":"center center","background-size":"auto","background-attachment":"scroll","background-type":"","background-media":"","overlay-type":"","overlay-color":"","overlay-opacity":"","overlay-gradient":""}},"jetpack_post_was_ever_published":false},"product_brand":[],"product_cat":[85],"product_tag":[96,98,97,94,95],"class_list":{"0":"post-6658","1":"product","2":"type-product","3":"status-publish","4":"has-post-thumbnail","6":"product_cat-support-decran","7":"product_tag-ecran-totem","8":"product_tag-support-decran-dynamique-et-interactif","9":"product_tag-support-decran-totem","10":"product_tag-totem","11":"product_tag-totem-vitrine","12":"desktop-align-left","13":"tablet-align-left","14":"mobile-align-left","16":"first","17":"instock","18":"taxable","19":"shipping-taxable","20":"purchasable","21":"product-type-simple"},"yoast_head":"<!-- This site is optimized with the Yoast SEO plugin v27.3 - https:\/\/yoast.com\/product\/yoast-seo-wordpress\/ -->\n<title>Totem New Yorkais paysage - Fabricant de mobilier digitaux<\/title>\n<meta name=\"description\" content=\"Le Totem New Yorkais est con\u00e7u pour supporter un \u00e9cran d&#039;affichage dynamique vitrine Samsung om46, om55 ou om75 ou d&#039;autre mod\u00e8le LG XS4J.\" \/>\n<meta name=\"robots\" content=\"index, follow, max-snippet:-1, max-image-preview:large, max-video-preview:-1\" \/>\n<link rel=\"canonical\" href=\"https:\/\/i-toile.com\/en\/product\/totem-new-yorkais-paysage\/\" \/>\n<meta property=\"og:locale\" content=\"en_GB\" \/>\n<meta property=\"og:type\" content=\"article\" \/>\n<meta property=\"og:title\" content=\"Totem New Yorkais paysage\" \/>\n<meta property=\"og:description\" content=\"Le Totem New Yorkais est con\u00e7u pour supporter un \u00e9cran d&#039;affichage dynamique vitrine Samsung om46, om55 ou om75 ou d&#039;autre mod\u00e8le.\" \/>\n<meta property=\"og:url\" content=\"https:\/\/i-toile.com\/en\/product\/totem-new-yorkais-paysage\/\" \/>\n<meta property=\"og:site_name\" content=\"Fabricant de mobilier digitaux\" \/>\n<meta property=\"article:publisher\" content=\"https:\/\/www.facebook.com\/itoile.communication.agence\/\" \/>\n<meta property=\"article:modified_time\" content=\"2025-03-31T16:38:58+00:00\" \/>\n<meta property=\"og:image\" content=\"https:\/\/i-toile.com\/wp-content\/uploads\/2022\/07\/totem-new-yokais-noir-pAYSAGE-fond-blanc-scaled-1.jpg\" \/>\n\t<meta property=\"og:image:width\" content=\"2560\" \/>\n\t<meta property=\"og:image:height\" content=\"2560\" \/>\n\t<meta property=\"og:image:type\" content=\"image\/jpeg\" \/>\n<meta name=\"twitter:card\" content=\"summary_large_image\" \/>\n<meta name=\"twitter:label1\" content=\"Estimated reading time\" \/>\n\t<meta name=\"twitter:data1\" content=\"1 minute\" \/>\n<script type=\"application\/ld+json\" class=\"yoast-schema-graph\">{\"@context\":\"https:\\\/\\\/schema.org\",\"@graph\":[{\"@type\":\"WebPage\",\"@id\":\"https:\\\/\\\/i-toile.com\\\/produit\\\/totem-new-yorkais-paysage\\\/\",\"url\":\"https:\\\/\\\/i-toile.com\\\/produit\\\/totem-new-yorkais-paysage\\\/\",\"name\":\"Totem New Yorkais paysage - Fabricant de mobilier digitaux\",\"isPartOf\":{\"@id\":\"https:\\\/\\\/i-toile.com\\\/#website\"},\"primaryImageOfPage\":{\"@id\":\"https:\\\/\\\/i-toile.com\\\/produit\\\/totem-new-yorkais-paysage\\\/#primaryimage\"},\"image\":{\"@id\":\"https:\\\/\\\/i-toile.com\\\/produit\\\/totem-new-yorkais-paysage\\\/#primaryimage\"},\"thumbnailUrl\":\"https:\\\/\\\/i-toile.com\\\/wp-content\\\/uploads\\\/2024\\\/04\\\/totem-New-Yorkais-portrait-et-paysage.png\",\"datePublished\":\"2023-08-29T09:12:03+00:00\",\"dateModified\":\"2025-03-31T16:38:58+00:00\",\"description\":\"Le Totem New Yorkais est con\u00e7u pour supporter un \u00e9cran d'affichage dynamique vitrine Samsung om46, om55 ou om75 ou d'autre mod\u00e8le LG XS4J.\",\"breadcrumb\":{\"@id\":\"https:\\\/\\\/i-toile.com\\\/produit\\\/totem-new-yorkais-paysage\\\/#breadcrumb\"},\"inLanguage\":\"en-GB\",\"potentialAction\":[{\"@type\":\"ReadAction\",\"target\":[\"https:\\\/\\\/i-toile.com\\\/produit\\\/totem-new-yorkais-paysage\\\/\"]}]},{\"@type\":\"ImageObject\",\"inLanguage\":\"en-GB\",\"@id\":\"https:\\\/\\\/i-toile.com\\\/produit\\\/totem-new-yorkais-paysage\\\/#primaryimage\",\"url\":\"https:\\\/\\\/i-toile.com\\\/wp-content\\\/uploads\\\/2024\\\/04\\\/totem-New-Yorkais-portrait-et-paysage.png\",\"contentUrl\":\"https:\\\/\\\/i-toile.com\\\/wp-content\\\/uploads\\\/2024\\\/04\\\/totem-New-Yorkais-portrait-et-paysage.png\",\"width\":3840,\"height\":3840,\"caption\":\"totem d'affichage dynamique\"},{\"@type\":\"BreadcrumbList\",\"@id\":\"https:\\\/\\\/i-toile.com\\\/produit\\\/totem-new-yorkais-paysage\\\/#breadcrumb\",\"itemListElement\":[{\"@type\":\"ListItem\",\"position\":1,\"name\":\"Accueil\",\"item\":\"https:\\\/\\\/i-toile.com\\\/\"},{\"@type\":\"ListItem\",\"position\":2,\"name\":\"I-Shop\",\"item\":\"https:\\\/\\\/i-toile.com\\\/i-toile-shop\\\/\"},{\"@type\":\"ListItem\",\"position\":3,\"name\":\"Totem New Yorkais paysage\"}]},{\"@type\":\"WebSite\",\"@id\":\"https:\\\/\\\/i-toile.com\\\/#website\",\"url\":\"https:\\\/\\\/i-toile.com\\\/\",\"name\":\"Fabricant de mobilier digitaux\",\"description\":\"\",\"publisher\":{\"@id\":\"https:\\\/\\\/i-toile.com\\\/#organization\"},\"potentialAction\":[{\"@type\":\"SearchAction\",\"target\":{\"@type\":\"EntryPoint\",\"urlTemplate\":\"https:\\\/\\\/i-toile.com\\\/?s={search_term_string}\"},\"query-input\":{\"@type\":\"PropertyValueSpecification\",\"valueRequired\":true,\"valueName\":\"search_term_string\"}}],\"inLanguage\":\"en-GB\"},{\"@type\":\"Organization\",\"@id\":\"https:\\\/\\\/i-toile.com\\\/#organization\",\"name\":\"Fabricant de mobilier digitaux\",\"url\":\"https:\\\/\\\/i-toile.com\\\/\",\"logo\":{\"@type\":\"ImageObject\",\"inLanguage\":\"en-GB\",\"@id\":\"https:\\\/\\\/i-toile.com\\\/#\\\/schema\\\/logo\\\/image\\\/\",\"url\":\"https:\\\/\\\/i-toile.com\\\/wp-content\\\/uploads\\\/2022\\\/07\\\/cropped-cropped-logo-fluo-fond-transparant-4.png\",\"contentUrl\":\"https:\\\/\\\/i-toile.com\\\/wp-content\\\/uploads\\\/2022\\\/07\\\/cropped-cropped-logo-fluo-fond-transparant-4.png\",\"width\":1998,\"height\":1152,\"caption\":\"Fabricant de mobilier digitaux\"},\"image\":{\"@id\":\"https:\\\/\\\/i-toile.com\\\/#\\\/schema\\\/logo\\\/image\\\/\"},\"sameAs\":[\"https:\\\/\\\/www.facebook.com\\\/itoile.communication.agence\\\/\",\"https:\\\/\\\/www.linkedin.com\\\/company\\\/i-toile-digital-signage\"]}]}<\/script>\n<!-- \/ Yoast SEO plugin. -->","yoast_head_json":{"title":"Totem New Yorkais paysage - Fabricant de mobilier digitaux","description":"Le Totem New Yorkais est con\u00e7u pour supporter un \u00e9cran d'affichage dynamique vitrine Samsung om46, om55 ou om75 ou d'autre mod\u00e8le LG XS4J.","robots":{"index":"index","follow":"follow","max-snippet":"max-snippet:-1","max-image-preview":"max-image-preview:large","max-video-preview":"max-video-preview:-1"},"canonical":"https:\/\/i-toile.com\/en\/product\/totem-new-yorkais-paysage\/","og_locale":"en_GB","og_type":"article","og_title":"Totem New Yorkais paysage","og_description":"Le Totem New Yorkais est con\u00e7u pour supporter un \u00e9cran d'affichage dynamique vitrine Samsung om46, om55 ou om75 ou d'autre mod\u00e8le.","og_url":"https:\/\/i-toile.com\/en\/product\/totem-new-yorkais-paysage\/","og_site_name":"Fabricant de mobilier digitaux","article_publisher":"https:\/\/www.facebook.com\/itoile.communication.agence\/","article_modified_time":"2025-03-31T16:38:58+00:00","og_image":[{"width":2560,"height":2560,"url":"https:\/\/i-toile.com\/wp-content\/uploads\/2022\/07\/totem-new-yokais-noir-pAYSAGE-fond-blanc-scaled-1.jpg","type":"image\/jpeg"}],"twitter_card":"summary_large_image","twitter_misc":{"Estimated reading time":"1 minute"},"schema":{"@context":"https:\/\/schema.org","@graph":[{"@type":"WebPage","@id":"https:\/\/i-toile.com\/produit\/totem-new-yorkais-paysage\/","url":"https:\/\/i-toile.com\/produit\/totem-new-yorkais-paysage\/","name":"Totem New Yorkais paysage - Fabricant de mobilier digitaux","isPartOf":{"@id":"https:\/\/i-toile.com\/#website"},"primaryImageOfPage":{"@id":"https:\/\/i-toile.com\/produit\/totem-new-yorkais-paysage\/#primaryimage"},"image":{"@id":"https:\/\/i-toile.com\/produit\/totem-new-yorkais-paysage\/#primaryimage"},"thumbnailUrl":"https:\/\/i-toile.com\/wp-content\/uploads\/2024\/04\/totem-New-Yorkais-portrait-et-paysage.png","datePublished":"2023-08-29T09:12:03+00:00","dateModified":"2025-03-31T16:38:58+00:00","description":"Le Totem New Yorkais est con\u00e7u pour supporter un \u00e9cran d'affichage dynamique vitrine Samsung om46, om55 ou om75 ou d'autre mod\u00e8le LG XS4J.","breadcrumb":{"@id":"https:\/\/i-toile.com\/produit\/totem-new-yorkais-paysage\/#breadcrumb"},"inLanguage":"en-GB","potentialAction":[{"@type":"ReadAction","target":["https:\/\/i-toile.com\/produit\/totem-new-yorkais-paysage\/"]}]},{"@type":"ImageObject","inLanguage":"en-GB","@id":"https:\/\/i-toile.com\/produit\/totem-new-yorkais-paysage\/#primaryimage","url":"https:\/\/i-toile.com\/wp-content\/uploads\/2024\/04\/totem-New-Yorkais-portrait-et-paysage.png","contentUrl":"https:\/\/i-toile.com\/wp-content\/uploads\/2024\/04\/totem-New-Yorkais-portrait-et-paysage.png","width":3840,"height":3840,"caption":"totem d'affichage dynamique"},{"@type":"BreadcrumbList","@id":"https:\/\/i-toile.com\/produit\/totem-new-yorkais-paysage\/#breadcrumb","itemListElement":[{"@type":"ListItem","position":1,"name":"Accueil","item":"https:\/\/i-toile.com\/"},{"@type":"ListItem","position":2,"name":"I-Shop","item":"https:\/\/i-toile.com\/i-toile-shop\/"},{"@type":"ListItem","position":3,"name":"Totem New Yorkais paysage"}]},{"@type":"WebSite","@id":"https:\/\/i-toile.com\/#website","url":"https:\/\/i-toile.com\/","name":"Fabricant de mobilier digitaux","description":"","publisher":{"@id":"https:\/\/i-toile.com\/#organization"},"potentialAction":[{"@type":"SearchAction","target":{"@type":"EntryPoint","urlTemplate":"https:\/\/i-toile.com\/?s={search_term_string}"},"query-input":{"@type":"PropertyValueSpecification","valueRequired":true,"valueName":"search_term_string"}}],"inLanguage":"en-GB"},{"@type":"Organization","@id":"https:\/\/i-toile.com\/#organization","name":"Fabricant de mobilier digitaux","url":"https:\/\/i-toile.com\/","logo":{"@type":"ImageObject","inLanguage":"en-GB","@id":"https:\/\/i-toile.com\/#\/schema\/logo\/image\/","url":"https:\/\/i-toile.com\/wp-content\/uploads\/2022\/07\/cropped-cropped-logo-fluo-fond-transparant-4.png","contentUrl":"https:\/\/i-toile.com\/wp-content\/uploads\/2022\/07\/cropped-cropped-logo-fluo-fond-transparant-4.png","width":1998,"height":1152,"caption":"Fabricant de mobilier digitaux"},"image":{"@id":"https:\/\/i-toile.com\/#\/schema\/logo\/image\/"},"sameAs":["https:\/\/www.facebook.com\/itoile.communication.agence\/","https:\/\/www.linkedin.com\/company\/i-toile-digital-signage"]}]}},"uagb_featured_image_src":{"full":["https:\/\/i-toile.com\/wp-content\/uploads\/2024\/04\/totem-New-Yorkais-portrait-et-paysage.png",3840,3840,false],"thumbnail":["https:\/\/i-toile.com\/wp-content\/uploads\/2024\/04\/totem-New-Yorkais-portrait-et-paysage-150x150.png",150,150,true],"medium":["https:\/\/i-toile.com\/wp-content\/uploads\/2024\/04\/totem-New-Yorkais-portrait-et-paysage-300x300.png",300,300,true],"medium_large":["https:\/\/i-toile.com\/wp-content\/uploads\/2024\/04\/totem-New-Yorkais-portrait-et-paysage-768x768.png",768,768,true],"large":["https:\/\/i-toile.com\/wp-content\/uploads\/2024\/04\/totem-New-Yorkais-portrait-et-paysage-1024x1024.png",1024,1024,true],"1536x1536":["https:\/\/i-toile.com\/wp-content\/uploads\/2024\/04\/totem-New-Yorkais-portrait-et-paysage-1536x1536.png",1536,1536,true],"2048x2048":["https:\/\/i-toile.com\/wp-content\/uploads\/2024\/04\/totem-New-Yorkais-portrait-et-paysage-2048x2048.png",2048,2048,true],"trp-custom-language-flag":["https:\/\/i-toile.com\/wp-content\/uploads\/2024\/04\/totem-New-Yorkais-portrait-et-paysage-12x12.png",12,12,true],"woocommerce_thumbnail":["https:\/\/i-toile.com\/wp-content\/uploads\/2024\/04\/totem-New-Yorkais-portrait-et-paysage-300x300.png",300,300,true],"woocommerce_single":["https:\/\/i-toile.com\/wp-content\/uploads\/2024\/04\/totem-New-Yorkais-portrait-et-paysage-600x600.png",600,600,true],"woocommerce_gallery_thumbnail":["https:\/\/i-toile.com\/wp-content\/uploads\/2024\/04\/totem-New-Yorkais-portrait-et-paysage-100x100.png",100,100,true]},"uagb_author_info":{"display_name":"I-TOILE","author_link":"https:\/\/i-toile.com\/en\/blog\/author\/"},"uagb_comment_info":1,"uagb_excerpt":"Doubler votre fr\u00e9quentation en agence et augmenter votre image de marque gr\u00e2ce \u00e0 notre nouveau totem vitrine le NEW YORKAIS, made in France, personnalisable et con\u00e7u avec des mati\u00e8res \u00e9coresponsable. Robuste et durable dans le temps il peut \u00eatre \u00e9quip\u00e9 d\u2019un \u00e9cran haute luminosit\u00e9 Samsung 46, 55 et 75 pouces.","jetpack_sharing_enabled":true,"_links":{"self":[{"href":"https:\/\/i-toile.com\/en\/wp-json\/wp\/v2\/product\/6658","targetHints":{"allow":["GET"]}}],"collection":[{"href":"https:\/\/i-toile.com\/en\/wp-json\/wp\/v2\/product"}],"about":[{"href":"https:\/\/i-toile.com\/en\/wp-json\/wp\/v2\/types\/product"}],"replies":[{"embeddable":true,"href":"https:\/\/i-toile.com\/en\/wp-json\/wp\/v2\/comments?post=6658"}],"wp:featuredmedia":[{"embeddable":true,"href":"https:\/\/i-toile.com\/en\/wp-json\/wp\/v2\/media\/7364"}],"wp:attachment":[{"href":"https:\/\/i-toile.com\/en\/wp-json\/wp\/v2\/media?parent=6658"}],"wp:term":[{"taxonomy":"product_brand","embeddable":true,"href":"https:\/\/i-toile.com\/en\/wp-json\/wp\/v2\/product_brand?post=6658"},{"taxonomy":"product_cat","embeddable":true,"href":"https:\/\/i-toile.com\/en\/wp-json\/wp\/v2\/product_cat?post=6658"},{"taxonomy":"product_tag","embeddable":true,"href":"https:\/\/i-toile.com\/en\/wp-json\/wp\/v2\/product_tag?post=6658"}],"curies":[{"name":"wp","href":"https:\/\/api.w.org\/{rel}","templated":true}]}}