{"id":7870,"date":"2025-03-31T19:31:13","date_gmt":"2025-03-31T17:31:13","guid":{"rendered":"https:\/\/i-toile.com\/?post_type=product&#038;p=7870"},"modified":"2025-03-31T19:31:13","modified_gmt":"2025-03-31T17:31:13","slug":"support-mural-ecran-samsung-oh46-oh55-sur-charniere","status":"publish","type":"product","link":"https:\/\/i-toile.com\/en\/product\/support-mural-ecran-samsung-oh46-oh55-sur-charniere\/","title":{"rendered":"Support mural Ecran Samsung OH46 &#8211; OH55 sur charni\u00e8re"},"content":{"rendered":"<p><strong>Support mural pour \u00e9crans ext\u00e9rieurs \u2013 I-TOILE<\/strong><\/p>\n<p>Optimisez l\u2019installation et la maintenance de vos \u00e9crans ext\u00e9rieurs avec notre <strong>support mural robuste<\/strong>, sp\u00e9cialement con\u00e7u pour les mod\u00e8les <strong>Samsung OH46B-S, OH55A-S, OH75A-S<\/strong>, ainsi que pour d&rsquo;autres \u00e9crans ext\u00e9rieurs comme le <strong>LG 55XE4F-D<\/strong>.<\/p>\n<p>Dot\u00e9 de <strong>charni\u00e8res renforc\u00e9es<\/strong>, ce support permet un acc\u00e8s facile \u00e0 l\u2019arri\u00e8re de l\u2019\u00e9cran pour <strong>simplifier la maintenance, les branchements et le remplacement de la cl\u00e9 USB<\/strong>. Son <strong>d\u00e9port de mur ultra-fin de seulement 67 mm<\/strong> assure une int\u00e9gration \u00e9l\u00e9gante et discr\u00e8te.<\/p>\n<p>Nous proposons diff\u00e9rents mod\u00e8les de <strong>fixations VESA<\/strong> adapt\u00e9es \u00e0 chaque \u00e9cran pour une installation s\u00e9curis\u00e9e et parfaitement ajust\u00e9e.<\/p>\n<p>\ud83d\udccc <strong>Tarification :<\/strong><\/p>\n<ul>\n<li><strong>\u00c9crans de 46 \u00e0 55 pouces : prix fixe<\/strong><\/li>\n<li><strong>\u00c9cran de 75 pouces : tarif sur devis<\/strong><\/li>\n<\/ul>\n<p>\ud83d\udee0 <strong>Options disponibles<\/strong> :<br \/>\n\u2705 <strong>Cadre avant tactile infrarouge<\/strong> pour transformer votre \u00e9cran en interface interactive intuitive.<\/p>\n<p>\ud83d\udca1 <strong>Un support con\u00e7u pour la durabilit\u00e9 et la praticit\u00e9, id\u00e9al pour vos affichages en ext\u00e9rieur !<\/strong><\/p>","protected":false},"excerpt":{"rendered":"<p><strong>Support mural pour \u00e9crans ext\u00e9rieurs \u2013 I-TOILE<\/strong><\/p>\n<p>Optimisez l\u2019installation et la maintenance de vos \u00e9crans ext\u00e9rieurs avec notre <strong>support mural robuste<\/strong>, sp\u00e9cialement con\u00e7u pour les mod\u00e8les <strong>Samsung OH46B-S, OH55A-S, OH75A-S<\/strong>, ainsi que pour d&rsquo;autres \u00e9crans ext\u00e9rieurs comme le <strong>LG 55XE4F-D<\/strong>.<\/p>","protected":false},"featured_media":7871,"comment_status":"open","ping_status":"closed","template":"","meta":{"_uag_custom_page_level_css":"","site-sidebar-layout":"default","site-content-layout":"","ast-site-content-layout":"default","site-content-style":"default","site-sidebar-style":"default","ast-global-header-display":"","ast-banner-title-visibility":"","ast-main-header-display":"","ast-hfb-above-header-display":"","ast-hfb-below-header-display":"","ast-hfb-mobile-header-display":"","site-post-title":"","ast-breadcrumbs-content":"","ast-featured-img":"","footer-sml-layout":"","ast-disable-related-posts":"","theme-transparent-header-meta":"default","adv-header-id-meta":"","stick-header-meta":"","header-above-stick-meta":"","header-main-stick-meta":"","header-below-stick-meta":"","astra-migrate-meta-layouts":"set","ast-page-background-enabled":"default","ast-page-background-meta":{"desktop":{"background-color":"","background-image":"","background-repeat":"repeat","background-position":"center center","background-size":"auto","background-attachment":"scroll","background-type":"","background-media":"","overlay-type":"","overlay-color":"","overlay-opacity":"","overlay-gradient":""},"tablet":{"background-color":"","background-image":"","background-repeat":"repeat","background-position":"center center","background-size":"auto","background-attachment":"scroll","background-type":"","background-media":"","overlay-type":"","overlay-color":"","overlay-opacity":"","overlay-gradient":""},"mobile":{"background-color":"","background-image":"","background-repeat":"repeat","background-position":"center center","background-size":"auto","background-attachment":"scroll","background-type":"","background-media":"","overlay-type":"","overlay-color":"","overlay-opacity":"","overlay-gradient":""}},"ast-content-background-meta":{"desktop":{"background-color":"var(--ast-global-color-5)","background-image":"","background-repeat":"repeat","background-position":"center center","background-size":"auto","background-attachment":"scroll","background-type":"","background-media":"","overlay-type":"","overlay-color":"","overlay-opacity":"","overlay-gradient":""},"tablet":{"background-color":"var(--ast-global-color-5)","background-image":"","background-repeat":"repeat","background-position":"center center","background-size":"auto","background-attachment":"scroll","background-type":"","background-media":"","overlay-type":"","overlay-color":"","overlay-opacity":"","overlay-gradient":""},"mobile":{"background-color":"var(--ast-global-color-5)","background-image":"","background-repeat":"repeat","background-position":"center center","background-size":"auto","background-attachment":"scroll","background-type":"","background-media":"","overlay-type":"","overlay-color":"","overlay-opacity":"","overlay-gradient":""}},"jetpack_post_was_ever_published":false},"product_brand":[],"product_cat":[85],"product_tag":[],"class_list":{"0":"post-7870","1":"product","2":"type-product","3":"status-publish","4":"has-post-thumbnail","6":"product_cat-support-decran","7":"product_shipping_class-5-a-25-kg","8":"desktop-align-left","9":"tablet-align-left","10":"mobile-align-left","12":"first","13":"instock","14":"taxable","15":"shipping-taxable","16":"purchasable","17":"product-type-simple"},"yoast_head":"<!-- This site is optimized with the Yoast SEO plugin v27.3 - https:\/\/yoast.com\/product\/yoast-seo-wordpress\/ -->\n<title>Support mural Ecran Samsung OH46 - OH55 sur charni\u00e8re - Fabricant de mobilier digitaux<\/title>\n<meta name=\"description\" content=\"Support mural robuste pour \u00e9crans ext\u00e9rieurs Samsung OH 46, 55 et LG, avec charni\u00e8res renforc\u00e9es, d\u00e9port de 67 mm et option cadre tactile infrarouge.\" \/>\n<meta name=\"robots\" content=\"index, follow, max-snippet:-1, max-image-preview:large, max-video-preview:-1\" \/>\n<link rel=\"canonical\" href=\"https:\/\/i-toile.com\/en\/product\/support-mural-ecran-samsung-oh46-oh55-sur-charniere\/\" \/>\n<meta property=\"og:locale\" content=\"en_GB\" \/>\n<meta property=\"og:type\" content=\"article\" \/>\n<meta property=\"og:title\" content=\"Support mural Ecran Samsung OH46 - OH55 sur charni\u00e8re - Fabricant de mobilier digitaux\" \/>\n<meta property=\"og:description\" content=\"Support mural robuste pour \u00e9crans ext\u00e9rieurs Samsung OH 46, 55 et LG, avec charni\u00e8res renforc\u00e9es, d\u00e9port de 67 mm et option cadre tactile infrarouge.\" \/>\n<meta property=\"og:url\" content=\"https:\/\/i-toile.com\/en\/product\/support-mural-ecran-samsung-oh46-oh55-sur-charniere\/\" \/>\n<meta property=\"og:site_name\" content=\"Fabricant de mobilier digitaux\" \/>\n<meta property=\"article:publisher\" content=\"https:\/\/www.facebook.com\/itoile.communication.agence\/\" \/>\n<meta property=\"og:image\" content=\"https:\/\/i-toile.com\/wp-content\/uploads\/2025\/03\/support-mural-ecran-OH55-ar.png\" \/>\n\t<meta property=\"og:image:width\" content=\"1920\" \/>\n\t<meta property=\"og:image:height\" content=\"1080\" \/>\n\t<meta property=\"og:image:type\" content=\"image\/png\" \/>\n<meta name=\"twitter:card\" content=\"summary_large_image\" \/>\n<meta name=\"twitter:label1\" content=\"Estimated reading time\" \/>\n\t<meta name=\"twitter:data1\" content=\"1 minute\" \/>\n<script type=\"application\/ld+json\" class=\"yoast-schema-graph\">{\"@context\":\"https:\\\/\\\/schema.org\",\"@graph\":[{\"@type\":\"WebPage\",\"@id\":\"https:\\\/\\\/i-toile.com\\\/produit\\\/support-mural-ecran-samsung-oh46-oh55-sur-charniere\\\/\",\"url\":\"https:\\\/\\\/i-toile.com\\\/produit\\\/support-mural-ecran-samsung-oh46-oh55-sur-charniere\\\/\",\"name\":\"Support mural Ecran Samsung OH46 - OH55 sur charni\u00e8re - Fabricant de mobilier digitaux\",\"isPartOf\":{\"@id\":\"https:\\\/\\\/i-toile.com\\\/#website\"},\"primaryImageOfPage\":{\"@id\":\"https:\\\/\\\/i-toile.com\\\/produit\\\/support-mural-ecran-samsung-oh46-oh55-sur-charniere\\\/#primaryimage\"},\"image\":{\"@id\":\"https:\\\/\\\/i-toile.com\\\/produit\\\/support-mural-ecran-samsung-oh46-oh55-sur-charniere\\\/#primaryimage\"},\"thumbnailUrl\":\"https:\\\/\\\/i-toile.com\\\/wp-content\\\/uploads\\\/2025\\\/03\\\/support-mural-ecran-OH55-ar.png\",\"datePublished\":\"2025-03-31T17:31:13+00:00\",\"description\":\"Support mural robuste pour \u00e9crans ext\u00e9rieurs Samsung OH 46, 55 et LG, avec charni\u00e8res renforc\u00e9es, d\u00e9port de 67 mm et option cadre tactile infrarouge.\",\"breadcrumb\":{\"@id\":\"https:\\\/\\\/i-toile.com\\\/produit\\\/support-mural-ecran-samsung-oh46-oh55-sur-charniere\\\/#breadcrumb\"},\"inLanguage\":\"en-GB\",\"potentialAction\":[{\"@type\":\"ReadAction\",\"target\":[\"https:\\\/\\\/i-toile.com\\\/produit\\\/support-mural-ecran-samsung-oh46-oh55-sur-charniere\\\/\"]}]},{\"@type\":\"ImageObject\",\"inLanguage\":\"en-GB\",\"@id\":\"https:\\\/\\\/i-toile.com\\\/produit\\\/support-mural-ecran-samsung-oh46-oh55-sur-charniere\\\/#primaryimage\",\"url\":\"https:\\\/\\\/i-toile.com\\\/wp-content\\\/uploads\\\/2025\\\/03\\\/support-mural-ecran-OH55-ar.png\",\"contentUrl\":\"https:\\\/\\\/i-toile.com\\\/wp-content\\\/uploads\\\/2025\\\/03\\\/support-mural-ecran-OH55-ar.png\",\"width\":1920,\"height\":1080,\"caption\":\"Support d'\u00e9cran samsung OH55a-s, OH46B-s sur charni\u00e8\"},{\"@type\":\"BreadcrumbList\",\"@id\":\"https:\\\/\\\/i-toile.com\\\/produit\\\/support-mural-ecran-samsung-oh46-oh55-sur-charniere\\\/#breadcrumb\",\"itemListElement\":[{\"@type\":\"ListItem\",\"position\":1,\"name\":\"Accueil\",\"item\":\"https:\\\/\\\/i-toile.com\\\/\"},{\"@type\":\"ListItem\",\"position\":2,\"name\":\"I-Shop\",\"item\":\"https:\\\/\\\/i-toile.com\\\/i-toile-shop\\\/\"},{\"@type\":\"ListItem\",\"position\":3,\"name\":\"Support mural Ecran Samsung OH46 &#8211; OH55 sur charni\u00e8re\"}]},{\"@type\":\"WebSite\",\"@id\":\"https:\\\/\\\/i-toile.com\\\/#website\",\"url\":\"https:\\\/\\\/i-toile.com\\\/\",\"name\":\"Fabricant de mobilier digitaux\",\"description\":\"\",\"publisher\":{\"@id\":\"https:\\\/\\\/i-toile.com\\\/#organization\"},\"potentialAction\":[{\"@type\":\"SearchAction\",\"target\":{\"@type\":\"EntryPoint\",\"urlTemplate\":\"https:\\\/\\\/i-toile.com\\\/?s={search_term_string}\"},\"query-input\":{\"@type\":\"PropertyValueSpecification\",\"valueRequired\":true,\"valueName\":\"search_term_string\"}}],\"inLanguage\":\"en-GB\"},{\"@type\":\"Organization\",\"@id\":\"https:\\\/\\\/i-toile.com\\\/#organization\",\"name\":\"Fabricant de mobilier digitaux\",\"url\":\"https:\\\/\\\/i-toile.com\\\/\",\"logo\":{\"@type\":\"ImageObject\",\"inLanguage\":\"en-GB\",\"@id\":\"https:\\\/\\\/i-toile.com\\\/#\\\/schema\\\/logo\\\/image\\\/\",\"url\":\"https:\\\/\\\/i-toile.com\\\/wp-content\\\/uploads\\\/2022\\\/07\\\/cropped-cropped-logo-fluo-fond-transparant-4.png\",\"contentUrl\":\"https:\\\/\\\/i-toile.com\\\/wp-content\\\/uploads\\\/2022\\\/07\\\/cropped-cropped-logo-fluo-fond-transparant-4.png\",\"width\":1998,\"height\":1152,\"caption\":\"Fabricant de mobilier digitaux\"},\"image\":{\"@id\":\"https:\\\/\\\/i-toile.com\\\/#\\\/schema\\\/logo\\\/image\\\/\"},\"sameAs\":[\"https:\\\/\\\/www.facebook.com\\\/itoile.communication.agence\\\/\",\"https:\\\/\\\/www.linkedin.com\\\/company\\\/i-toile-digital-signage\"]}]}<\/script>\n<!-- \/ Yoast SEO plugin. -->","yoast_head_json":{"title":"Support mural Ecran Samsung OH46 - OH55 sur charni\u00e8re - Fabricant de mobilier digitaux","description":"Support mural robuste pour \u00e9crans ext\u00e9rieurs Samsung OH 46, 55 et LG, avec charni\u00e8res renforc\u00e9es, d\u00e9port de 67 mm et option cadre tactile infrarouge.","robots":{"index":"index","follow":"follow","max-snippet":"max-snippet:-1","max-image-preview":"max-image-preview:large","max-video-preview":"max-video-preview:-1"},"canonical":"https:\/\/i-toile.com\/en\/product\/support-mural-ecran-samsung-oh46-oh55-sur-charniere\/","og_locale":"en_GB","og_type":"article","og_title":"Support mural Ecran Samsung OH46 - OH55 sur charni\u00e8re - Fabricant de mobilier digitaux","og_description":"Support mural robuste pour \u00e9crans ext\u00e9rieurs Samsung OH 46, 55 et LG, avec charni\u00e8res renforc\u00e9es, d\u00e9port de 67 mm et option cadre tactile infrarouge.","og_url":"https:\/\/i-toile.com\/en\/product\/support-mural-ecran-samsung-oh46-oh55-sur-charniere\/","og_site_name":"Fabricant de mobilier digitaux","article_publisher":"https:\/\/www.facebook.com\/itoile.communication.agence\/","og_image":[{"width":1920,"height":1080,"url":"https:\/\/i-toile.com\/wp-content\/uploads\/2025\/03\/support-mural-ecran-OH55-ar.png","type":"image\/png"}],"twitter_card":"summary_large_image","twitter_misc":{"Estimated reading time":"1 minute"},"schema":{"@context":"https:\/\/schema.org","@graph":[{"@type":"WebPage","@id":"https:\/\/i-toile.com\/produit\/support-mural-ecran-samsung-oh46-oh55-sur-charniere\/","url":"https:\/\/i-toile.com\/produit\/support-mural-ecran-samsung-oh46-oh55-sur-charniere\/","name":"Support mural Ecran Samsung OH46 - OH55 sur charni\u00e8re - Fabricant de mobilier digitaux","isPartOf":{"@id":"https:\/\/i-toile.com\/#website"},"primaryImageOfPage":{"@id":"https:\/\/i-toile.com\/produit\/support-mural-ecran-samsung-oh46-oh55-sur-charniere\/#primaryimage"},"image":{"@id":"https:\/\/i-toile.com\/produit\/support-mural-ecran-samsung-oh46-oh55-sur-charniere\/#primaryimage"},"thumbnailUrl":"https:\/\/i-toile.com\/wp-content\/uploads\/2025\/03\/support-mural-ecran-OH55-ar.png","datePublished":"2025-03-31T17:31:13+00:00","description":"Support mural robuste pour \u00e9crans ext\u00e9rieurs Samsung OH 46, 55 et LG, avec charni\u00e8res renforc\u00e9es, d\u00e9port de 67 mm et option cadre tactile infrarouge.","breadcrumb":{"@id":"https:\/\/i-toile.com\/produit\/support-mural-ecran-samsung-oh46-oh55-sur-charniere\/#breadcrumb"},"inLanguage":"en-GB","potentialAction":[{"@type":"ReadAction","target":["https:\/\/i-toile.com\/produit\/support-mural-ecran-samsung-oh46-oh55-sur-charniere\/"]}]},{"@type":"ImageObject","inLanguage":"en-GB","@id":"https:\/\/i-toile.com\/produit\/support-mural-ecran-samsung-oh46-oh55-sur-charniere\/#primaryimage","url":"https:\/\/i-toile.com\/wp-content\/uploads\/2025\/03\/support-mural-ecran-OH55-ar.png","contentUrl":"https:\/\/i-toile.com\/wp-content\/uploads\/2025\/03\/support-mural-ecran-OH55-ar.png","width":1920,"height":1080,"caption":"Support d'\u00e9cran samsung OH55a-s, OH46B-s sur charni\u00e8"},{"@type":"BreadcrumbList","@id":"https:\/\/i-toile.com\/produit\/support-mural-ecran-samsung-oh46-oh55-sur-charniere\/#breadcrumb","itemListElement":[{"@type":"ListItem","position":1,"name":"Accueil","item":"https:\/\/i-toile.com\/"},{"@type":"ListItem","position":2,"name":"I-Shop","item":"https:\/\/i-toile.com\/i-toile-shop\/"},{"@type":"ListItem","position":3,"name":"Support mural Ecran Samsung OH46 &#8211; OH55 sur charni\u00e8re"}]},{"@type":"WebSite","@id":"https:\/\/i-toile.com\/#website","url":"https:\/\/i-toile.com\/","name":"Fabricant de mobilier digitaux","description":"","publisher":{"@id":"https:\/\/i-toile.com\/#organization"},"potentialAction":[{"@type":"SearchAction","target":{"@type":"EntryPoint","urlTemplate":"https:\/\/i-toile.com\/?s={search_term_string}"},"query-input":{"@type":"PropertyValueSpecification","valueRequired":true,"valueName":"search_term_string"}}],"inLanguage":"en-GB"},{"@type":"Organization","@id":"https:\/\/i-toile.com\/#organization","name":"Fabricant de mobilier digitaux","url":"https:\/\/i-toile.com\/","logo":{"@type":"ImageObject","inLanguage":"en-GB","@id":"https:\/\/i-toile.com\/#\/schema\/logo\/image\/","url":"https:\/\/i-toile.com\/wp-content\/uploads\/2022\/07\/cropped-cropped-logo-fluo-fond-transparant-4.png","contentUrl":"https:\/\/i-toile.com\/wp-content\/uploads\/2022\/07\/cropped-cropped-logo-fluo-fond-transparant-4.png","width":1998,"height":1152,"caption":"Fabricant de mobilier digitaux"},"image":{"@id":"https:\/\/i-toile.com\/#\/schema\/logo\/image\/"},"sameAs":["https:\/\/www.facebook.com\/itoile.communication.agence\/","https:\/\/www.linkedin.com\/company\/i-toile-digital-signage"]}]}},"uagb_featured_image_src":{"full":["https:\/\/i-toile.com\/wp-content\/uploads\/2025\/03\/support-mural-ecran-OH55-ar.png",1920,1080,false],"thumbnail":["https:\/\/i-toile.com\/wp-content\/uploads\/2025\/03\/support-mural-ecran-OH55-ar-150x150.png",150,150,true],"medium":["https:\/\/i-toile.com\/wp-content\/uploads\/2025\/03\/support-mural-ecran-OH55-ar-300x169.png",300,169,true],"medium_large":["https:\/\/i-toile.com\/wp-content\/uploads\/2025\/03\/support-mural-ecran-OH55-ar-768x432.png",768,432,true],"large":["https:\/\/i-toile.com\/wp-content\/uploads\/2025\/03\/support-mural-ecran-OH55-ar-1024x576.png",1024,576,true],"1536x1536":["https:\/\/i-toile.com\/wp-content\/uploads\/2025\/03\/support-mural-ecran-OH55-ar-1536x864.png",1536,864,true],"2048x2048":["https:\/\/i-toile.com\/wp-content\/uploads\/2025\/03\/support-mural-ecran-OH55-ar.png",1920,1080,false],"trp-custom-language-flag":["https:\/\/i-toile.com\/wp-content\/uploads\/2025\/03\/support-mural-ecran-OH55-ar-18x10.png",18,10,true],"woocommerce_thumbnail":["https:\/\/i-toile.com\/wp-content\/uploads\/2025\/03\/support-mural-ecran-OH55-ar-300x300.png",300,300,true],"woocommerce_single":["https:\/\/i-toile.com\/wp-content\/uploads\/2025\/03\/support-mural-ecran-OH55-ar-600x338.png",600,338,true],"woocommerce_gallery_thumbnail":["https:\/\/i-toile.com\/wp-content\/uploads\/2025\/03\/support-mural-ecran-OH55-ar-100x100.png",100,100,true]},"uagb_author_info":{"display_name":"I-TOILE","author_link":"https:\/\/i-toile.com\/en\/blog\/author\/"},"uagb_comment_info":0,"uagb_excerpt":"Support mural pour \u00e9crans ext\u00e9rieurs \u2013 I-TOILE Optimisez l\u2019installation et la maintenance de vos \u00e9crans ext\u00e9rieurs avec notre support mural robuste, sp\u00e9cialement con\u00e7u pour les mod\u00e8les Samsung OH46B-S, OH55A-S, OH75A-S, ainsi que pour d'autres \u00e9crans ext\u00e9rieurs comme le LG 55XE4F-D.","jetpack_sharing_enabled":true,"_links":{"self":[{"href":"https:\/\/i-toile.com\/en\/wp-json\/wp\/v2\/product\/7870","targetHints":{"allow":["GET"]}}],"collection":[{"href":"https:\/\/i-toile.com\/en\/wp-json\/wp\/v2\/product"}],"about":[{"href":"https:\/\/i-toile.com\/en\/wp-json\/wp\/v2\/types\/product"}],"replies":[{"embeddable":true,"href":"https:\/\/i-toile.com\/en\/wp-json\/wp\/v2\/comments?post=7870"}],"wp:featuredmedia":[{"embeddable":true,"href":"https:\/\/i-toile.com\/en\/wp-json\/wp\/v2\/media\/7871"}],"wp:attachment":[{"href":"https:\/\/i-toile.com\/en\/wp-json\/wp\/v2\/media?parent=7870"}],"wp:term":[{"taxonomy":"product_brand","embeddable":true,"href":"https:\/\/i-toile.com\/en\/wp-json\/wp\/v2\/product_brand?post=7870"},{"taxonomy":"product_cat","embeddable":true,"href":"https:\/\/i-toile.com\/en\/wp-json\/wp\/v2\/product_cat?post=7870"},{"taxonomy":"product_tag","embeddable":true,"href":"https:\/\/i-toile.com\/en\/wp-json\/wp\/v2\/product_tag?post=7870"}],"curies":[{"name":"wp","href":"https:\/\/api.w.org\/{rel}","templated":true}]}}