{"id":7884,"date":"2025-03-31T20:06:58","date_gmt":"2025-03-31T18:06:58","guid":{"rendered":"https:\/\/i-toile.com\/?post_type=product&#038;p=7884"},"modified":"2025-03-31T20:10:33","modified_gmt":"2025-03-31T18:10:33","slug":"support-decran-mural-vperf","status":"publish","type":"product","link":"https:\/\/i-toile.com\/en\/product\/support-decran-mural-vperf\/","title":{"rendered":"Support d&rsquo;\u00e9cran mural Vperf"},"content":{"rendered":"<h3>Support d&rsquo;\u00e9cran mural universel Vperf<\/h3>\n<p>I-TOILE vous propose son <strong>support mural Vperf<\/strong>, une r\u00e9f\u00e9rence en mati\u00e8re d\u2019adaptabilit\u00e9 et de robustesse. Facile \u00e0 installer et ultra-fin, il garantit une fixation propre et soign\u00e9e pour votre \u00e9cran.<\/p>\n<p>Le support <strong>Vperf<\/strong>\u00a0permet une installation flexible, en <strong>portrait ou paysage<\/strong>, et offre un maintien optimal au plus proche du mur avec un <strong>d\u00e9port minimal de seulement 22,8 mm<\/strong>.<\/p>\n<p><strong>Compatibilit\u00e9 VESA :<\/strong><br \/>\n\ud83d\udccc De <strong>200 x 100 mm<\/strong> \u00e0<strong> 600 x 400 mm<\/strong><\/p>\n<p>\u2705 <strong>Autres formats disponibles :<\/strong><\/p>\n<ul>\n<li><strong>Vmax<\/strong> : 800 x 400 mm<\/li>\n<li><strong>Vsmall<\/strong>: 400 x 400 mm<\/li>\n<\/ul>\n<p><strong>\ud83d\udca1 Option suppl\u00e9mentaire :<\/strong> Le support <strong>Vperf<\/strong>\u00a0peut \u00eatre mont\u00e9 sur nos pieds <strong>I-TOILE autoportant \u00ab\u00a0Le Marseillais\u00a0\u00bb<\/strong> ou <strong>fixe \u00ab\u00a0Le Parisien\u00a0\u00bb<\/strong>, offrant ainsi encore plus de flexibilit\u00e9 d\u2019installation.<\/p>\n<p>\ud83d\udc49 Optez pour une fixation murale fiable, \u00e9l\u00e9gante et modulable avec le <strong>Vperf I-TOILE <\/strong>!<\/p>","protected":false},"excerpt":{"rendered":"<h3>Support d&rsquo;\u00e9cran mural universel Vperf<\/h3>\n<p>I-TOILE vous propose son <strong>support mural Vperf<\/strong>, une r\u00e9f\u00e9rence en mati\u00e8re d\u2019adaptabilit\u00e9 et de robustesse. Facile \u00e0 installer et ultra-fin, il garantit une fixation propre et soign\u00e9e pour votre \u00e9cran.<\/p>\n<p>Le support <strong>Vperf<\/strong>\u00a0permet une installation flexible, en <strong>portrait ou paysage<\/strong>, et offre un maintien optimal au plus proche du mur avec un <strong>d\u00e9port minimal de seulement 22,8 mm<\/strong>.<\/p>\n<p><strong>\u00a0Option suppl\u00e9mentaire :<\/strong> Le support <strong>Vperf<\/strong>\u00a0peut \u00eatre mont\u00e9 sur nos pieds <strong>I-TOILE autoportant \u00ab\u00a0Le Marseillais\u00a0\u00bb<\/strong> ou <strong>fixe \u00ab\u00a0Le Parisien\u00a0\u00bb<\/strong>, offrant ainsi encore plus de flexibilit\u00e9 d\u2019installation.<\/p>","protected":false},"featured_media":7878,"comment_status":"open","ping_status":"closed","template":"","meta":{"_uag_custom_page_level_css":"","site-sidebar-layout":"default","site-content-layout":"","ast-site-content-layout":"default","site-content-style":"default","site-sidebar-style":"default","ast-global-header-display":"","ast-banner-title-visibility":"","ast-main-header-display":"","ast-hfb-above-header-display":"","ast-hfb-below-header-display":"","ast-hfb-mobile-header-display":"","site-post-title":"","ast-breadcrumbs-content":"","ast-featured-img":"","footer-sml-layout":"","ast-disable-related-posts":"","theme-transparent-header-meta":"default","adv-header-id-meta":"","stick-header-meta":"","header-above-stick-meta":"","header-main-stick-meta":"","header-below-stick-meta":"","astra-migrate-meta-layouts":"set","ast-page-background-enabled":"default","ast-page-background-meta":{"desktop":{"background-color":"","background-image":"","background-repeat":"repeat","background-position":"center center","background-size":"auto","background-attachment":"scroll","background-type":"","background-media":"","overlay-type":"","overlay-color":"","overlay-opacity":"","overlay-gradient":""},"tablet":{"background-color":"","background-image":"","background-repeat":"repeat","background-position":"center center","background-size":"auto","background-attachment":"scroll","background-type":"","background-media":"","overlay-type":"","overlay-color":"","overlay-opacity":"","overlay-gradient":""},"mobile":{"background-color":"","background-image":"","background-repeat":"repeat","background-position":"center center","background-size":"auto","background-attachment":"scroll","background-type":"","background-media":"","overlay-type":"","overlay-color":"","overlay-opacity":"","overlay-gradient":""}},"ast-content-background-meta":{"desktop":{"background-color":"var(--ast-global-color-5)","background-image":"","background-repeat":"repeat","background-position":"center center","background-size":"auto","background-attachment":"scroll","background-type":"","background-media":"","overlay-type":"","overlay-color":"","overlay-opacity":"","overlay-gradient":""},"tablet":{"background-color":"var(--ast-global-color-5)","background-image":"","background-repeat":"repeat","background-position":"center center","background-size":"auto","background-attachment":"scroll","background-type":"","background-media":"","overlay-type":"","overlay-color":"","overlay-opacity":"","overlay-gradient":""},"mobile":{"background-color":"var(--ast-global-color-5)","background-image":"","background-repeat":"repeat","background-position":"center center","background-size":"auto","background-attachment":"scroll","background-type":"","background-media":"","overlay-type":"","overlay-color":"","overlay-opacity":"","overlay-gradient":""}},"jetpack_post_was_ever_published":false},"product_brand":[],"product_cat":[85],"product_tag":[],"class_list":{"0":"post-7884","1":"product","2":"type-product","3":"status-publish","4":"has-post-thumbnail","6":"product_cat-support-decran","7":"product_shipping_class-5-a-25-kg","8":"desktop-align-left","9":"tablet-align-left","10":"mobile-align-left","12":"first","13":"instock","14":"taxable","15":"shipping-taxable","16":"purchasable","17":"product-type-simple"},"yoast_head":"<!-- This site is optimized with the Yoast SEO plugin v27.3 - https:\/\/yoast.com\/product\/yoast-seo-wordpress\/ -->\n<title>Support d&#039;\u00e9cran mural Vperf - Fabricant de mobilier digitaux<\/title>\n<meta name=\"description\" content=\"Support mural universel Vperf, robuste et ultra-fin (22,8 mm). Installation facile, compatible VESA jusqu\u2019\u00e0 400x600 mm, format portrait ou paysage\" \/>\n<meta name=\"robots\" content=\"index, follow, max-snippet:-1, max-image-preview:large, max-video-preview:-1\" \/>\n<link rel=\"canonical\" href=\"https:\/\/i-toile.com\/en\/product\/support-decran-mural-vperf\/\" \/>\n<meta property=\"og:locale\" content=\"en_GB\" \/>\n<meta property=\"og:type\" content=\"article\" \/>\n<meta property=\"og:title\" content=\"Support mural Vperf I-TOILE\" \/>\n<meta property=\"og:description\" content=\"Support mural universel Vperf, robuste et ultra-fin (22,8 mm). Installation facile, compatible VESA jusqu\u2019\u00e0 400x600 mm, format portrait ou paysage.\" \/>\n<meta property=\"og:url\" content=\"https:\/\/i-toile.com\/en\/product\/support-decran-mural-vperf\/\" \/>\n<meta property=\"og:site_name\" content=\"Fabricant de mobilier digitaux\" \/>\n<meta property=\"article:publisher\" content=\"https:\/\/www.facebook.com\/itoile.communication.agence\/\" \/>\n<meta property=\"article:modified_time\" content=\"2025-03-31T18:10:33+00:00\" \/>\n<meta property=\"og:image\" content=\"https:\/\/i-toile.com\/wp-content\/uploads\/2025\/03\/support-mural-ecran-800x600-1-1024x1024.png\" \/>\n\t<meta property=\"og:image:width\" content=\"1024\" \/>\n\t<meta property=\"og:image:height\" content=\"1024\" \/>\n\t<meta property=\"og:image:type\" content=\"image\/png\" \/>\n<meta name=\"twitter:card\" content=\"summary_large_image\" \/>\n<meta name=\"twitter:label1\" content=\"Estimated reading time\" \/>\n\t<meta name=\"twitter:data1\" content=\"1 minute\" \/>\n<script type=\"application\/ld+json\" class=\"yoast-schema-graph\">{\"@context\":\"https:\\\/\\\/schema.org\",\"@graph\":[{\"@type\":\"WebPage\",\"@id\":\"https:\\\/\\\/i-toile.com\\\/produit\\\/support-decran-mural-vperf\\\/\",\"url\":\"https:\\\/\\\/i-toile.com\\\/produit\\\/support-decran-mural-vperf\\\/\",\"name\":\"Support d'\u00e9cran mural Vperf - Fabricant de mobilier digitaux\",\"isPartOf\":{\"@id\":\"https:\\\/\\\/i-toile.com\\\/#website\"},\"primaryImageOfPage\":{\"@id\":\"https:\\\/\\\/i-toile.com\\\/produit\\\/support-decran-mural-vperf\\\/#primaryimage\"},\"image\":{\"@id\":\"https:\\\/\\\/i-toile.com\\\/produit\\\/support-decran-mural-vperf\\\/#primaryimage\"},\"thumbnailUrl\":\"https:\\\/\\\/i-toile.com\\\/wp-content\\\/uploads\\\/2025\\\/03\\\/support-mural-ecran-800x600-1.png\",\"datePublished\":\"2025-03-31T18:06:58+00:00\",\"dateModified\":\"2025-03-31T18:10:33+00:00\",\"description\":\"Support mural universel Vperf, robuste et ultra-fin (22,8 mm). Installation facile, compatible VESA jusqu\u2019\u00e0 400x600 mm, format portrait ou paysage\",\"breadcrumb\":{\"@id\":\"https:\\\/\\\/i-toile.com\\\/produit\\\/support-decran-mural-vperf\\\/#breadcrumb\"},\"inLanguage\":\"en-GB\",\"potentialAction\":[{\"@type\":\"ReadAction\",\"target\":[\"https:\\\/\\\/i-toile.com\\\/produit\\\/support-decran-mural-vperf\\\/\"]}]},{\"@type\":\"ImageObject\",\"inLanguage\":\"en-GB\",\"@id\":\"https:\\\/\\\/i-toile.com\\\/produit\\\/support-decran-mural-vperf\\\/#primaryimage\",\"url\":\"https:\\\/\\\/i-toile.com\\\/wp-content\\\/uploads\\\/2025\\\/03\\\/support-mural-ecran-800x600-1.png\",\"contentUrl\":\"https:\\\/\\\/i-toile.com\\\/wp-content\\\/uploads\\\/2025\\\/03\\\/support-mural-ecran-800x600-1.png\",\"width\":3840,\"height\":3840,\"caption\":\"Support d'\u00e9cran mural professionnel\"},{\"@type\":\"BreadcrumbList\",\"@id\":\"https:\\\/\\\/i-toile.com\\\/produit\\\/support-decran-mural-vperf\\\/#breadcrumb\",\"itemListElement\":[{\"@type\":\"ListItem\",\"position\":1,\"name\":\"Accueil\",\"item\":\"https:\\\/\\\/i-toile.com\\\/\"},{\"@type\":\"ListItem\",\"position\":2,\"name\":\"I-Shop\",\"item\":\"https:\\\/\\\/i-toile.com\\\/i-toile-shop\\\/\"},{\"@type\":\"ListItem\",\"position\":3,\"name\":\"Support d&rsquo;\u00e9cran mural Vperf\"}]},{\"@type\":\"WebSite\",\"@id\":\"https:\\\/\\\/i-toile.com\\\/#website\",\"url\":\"https:\\\/\\\/i-toile.com\\\/\",\"name\":\"Fabricant de mobilier digitaux\",\"description\":\"\",\"publisher\":{\"@id\":\"https:\\\/\\\/i-toile.com\\\/#organization\"},\"potentialAction\":[{\"@type\":\"SearchAction\",\"target\":{\"@type\":\"EntryPoint\",\"urlTemplate\":\"https:\\\/\\\/i-toile.com\\\/?s={search_term_string}\"},\"query-input\":{\"@type\":\"PropertyValueSpecification\",\"valueRequired\":true,\"valueName\":\"search_term_string\"}}],\"inLanguage\":\"en-GB\"},{\"@type\":\"Organization\",\"@id\":\"https:\\\/\\\/i-toile.com\\\/#organization\",\"name\":\"Fabricant de mobilier digitaux\",\"url\":\"https:\\\/\\\/i-toile.com\\\/\",\"logo\":{\"@type\":\"ImageObject\",\"inLanguage\":\"en-GB\",\"@id\":\"https:\\\/\\\/i-toile.com\\\/#\\\/schema\\\/logo\\\/image\\\/\",\"url\":\"https:\\\/\\\/i-toile.com\\\/wp-content\\\/uploads\\\/2022\\\/07\\\/cropped-cropped-logo-fluo-fond-transparant-4.png\",\"contentUrl\":\"https:\\\/\\\/i-toile.com\\\/wp-content\\\/uploads\\\/2022\\\/07\\\/cropped-cropped-logo-fluo-fond-transparant-4.png\",\"width\":1998,\"height\":1152,\"caption\":\"Fabricant de mobilier digitaux\"},\"image\":{\"@id\":\"https:\\\/\\\/i-toile.com\\\/#\\\/schema\\\/logo\\\/image\\\/\"},\"sameAs\":[\"https:\\\/\\\/www.facebook.com\\\/itoile.communication.agence\\\/\",\"https:\\\/\\\/www.linkedin.com\\\/company\\\/i-toile-digital-signage\"]}]}<\/script>\n<!-- \/ Yoast SEO plugin. -->","yoast_head_json":{"title":"Support d'\u00e9cran mural Vperf - Fabricant de mobilier digitaux","description":"Support mural universel Vperf, robuste et ultra-fin (22,8 mm). Installation facile, compatible VESA jusqu\u2019\u00e0 400x600 mm, format portrait ou paysage","robots":{"index":"index","follow":"follow","max-snippet":"max-snippet:-1","max-image-preview":"max-image-preview:large","max-video-preview":"max-video-preview:-1"},"canonical":"https:\/\/i-toile.com\/en\/product\/support-decran-mural-vperf\/","og_locale":"en_GB","og_type":"article","og_title":"Support mural Vperf I-TOILE","og_description":"Support mural universel Vperf, robuste et ultra-fin (22,8 mm). Installation facile, compatible VESA jusqu\u2019\u00e0 400x600 mm, format portrait ou paysage.","og_url":"https:\/\/i-toile.com\/en\/product\/support-decran-mural-vperf\/","og_site_name":"Fabricant de mobilier digitaux","article_publisher":"https:\/\/www.facebook.com\/itoile.communication.agence\/","article_modified_time":"2025-03-31T18:10:33+00:00","og_image":[{"width":1024,"height":1024,"url":"https:\/\/i-toile.com\/wp-content\/uploads\/2025\/03\/support-mural-ecran-800x600-1-1024x1024.png","type":"image\/png"}],"twitter_card":"summary_large_image","twitter_misc":{"Estimated reading time":"1 minute"},"schema":{"@context":"https:\/\/schema.org","@graph":[{"@type":"WebPage","@id":"https:\/\/i-toile.com\/produit\/support-decran-mural-vperf\/","url":"https:\/\/i-toile.com\/produit\/support-decran-mural-vperf\/","name":"Support d'\u00e9cran mural Vperf - Fabricant de mobilier digitaux","isPartOf":{"@id":"https:\/\/i-toile.com\/#website"},"primaryImageOfPage":{"@id":"https:\/\/i-toile.com\/produit\/support-decran-mural-vperf\/#primaryimage"},"image":{"@id":"https:\/\/i-toile.com\/produit\/support-decran-mural-vperf\/#primaryimage"},"thumbnailUrl":"https:\/\/i-toile.com\/wp-content\/uploads\/2025\/03\/support-mural-ecran-800x600-1.png","datePublished":"2025-03-31T18:06:58+00:00","dateModified":"2025-03-31T18:10:33+00:00","description":"Support mural universel Vperf, robuste et ultra-fin (22,8 mm). Installation facile, compatible VESA jusqu\u2019\u00e0 400x600 mm, format portrait ou paysage","breadcrumb":{"@id":"https:\/\/i-toile.com\/produit\/support-decran-mural-vperf\/#breadcrumb"},"inLanguage":"en-GB","potentialAction":[{"@type":"ReadAction","target":["https:\/\/i-toile.com\/produit\/support-decran-mural-vperf\/"]}]},{"@type":"ImageObject","inLanguage":"en-GB","@id":"https:\/\/i-toile.com\/produit\/support-decran-mural-vperf\/#primaryimage","url":"https:\/\/i-toile.com\/wp-content\/uploads\/2025\/03\/support-mural-ecran-800x600-1.png","contentUrl":"https:\/\/i-toile.com\/wp-content\/uploads\/2025\/03\/support-mural-ecran-800x600-1.png","width":3840,"height":3840,"caption":"Support d'\u00e9cran mural professionnel"},{"@type":"BreadcrumbList","@id":"https:\/\/i-toile.com\/produit\/support-decran-mural-vperf\/#breadcrumb","itemListElement":[{"@type":"ListItem","position":1,"name":"Accueil","item":"https:\/\/i-toile.com\/"},{"@type":"ListItem","position":2,"name":"I-Shop","item":"https:\/\/i-toile.com\/i-toile-shop\/"},{"@type":"ListItem","position":3,"name":"Support d&rsquo;\u00e9cran mural Vperf"}]},{"@type":"WebSite","@id":"https:\/\/i-toile.com\/#website","url":"https:\/\/i-toile.com\/","name":"Fabricant de mobilier digitaux","description":"","publisher":{"@id":"https:\/\/i-toile.com\/#organization"},"potentialAction":[{"@type":"SearchAction","target":{"@type":"EntryPoint","urlTemplate":"https:\/\/i-toile.com\/?s={search_term_string}"},"query-input":{"@type":"PropertyValueSpecification","valueRequired":true,"valueName":"search_term_string"}}],"inLanguage":"en-GB"},{"@type":"Organization","@id":"https:\/\/i-toile.com\/#organization","name":"Fabricant de mobilier digitaux","url":"https:\/\/i-toile.com\/","logo":{"@type":"ImageObject","inLanguage":"en-GB","@id":"https:\/\/i-toile.com\/#\/schema\/logo\/image\/","url":"https:\/\/i-toile.com\/wp-content\/uploads\/2022\/07\/cropped-cropped-logo-fluo-fond-transparant-4.png","contentUrl":"https:\/\/i-toile.com\/wp-content\/uploads\/2022\/07\/cropped-cropped-logo-fluo-fond-transparant-4.png","width":1998,"height":1152,"caption":"Fabricant de mobilier digitaux"},"image":{"@id":"https:\/\/i-toile.com\/#\/schema\/logo\/image\/"},"sameAs":["https:\/\/www.facebook.com\/itoile.communication.agence\/","https:\/\/www.linkedin.com\/company\/i-toile-digital-signage"]}]}},"uagb_featured_image_src":{"full":["https:\/\/i-toile.com\/wp-content\/uploads\/2025\/03\/support-mural-ecran-800x600-1.png",3840,3840,false],"thumbnail":["https:\/\/i-toile.com\/wp-content\/uploads\/2025\/03\/support-mural-ecran-800x600-1-150x150.png",150,150,true],"medium":["https:\/\/i-toile.com\/wp-content\/uploads\/2025\/03\/support-mural-ecran-800x600-1-300x300.png",300,300,true],"medium_large":["https:\/\/i-toile.com\/wp-content\/uploads\/2025\/03\/support-mural-ecran-800x600-1-768x768.png",768,768,true],"large":["https:\/\/i-toile.com\/wp-content\/uploads\/2025\/03\/support-mural-ecran-800x600-1-1024x1024.png",1024,1024,true],"1536x1536":["https:\/\/i-toile.com\/wp-content\/uploads\/2025\/03\/support-mural-ecran-800x600-1-1536x1536.png",1536,1536,true],"2048x2048":["https:\/\/i-toile.com\/wp-content\/uploads\/2025\/03\/support-mural-ecran-800x600-1-2048x2048.png",2048,2048,true],"trp-custom-language-flag":["https:\/\/i-toile.com\/wp-content\/uploads\/2025\/03\/support-mural-ecran-800x600-1-12x12.png",12,12,true],"woocommerce_thumbnail":["https:\/\/i-toile.com\/wp-content\/uploads\/2025\/03\/support-mural-ecran-800x600-1-300x300.png",300,300,true],"woocommerce_single":["https:\/\/i-toile.com\/wp-content\/uploads\/2025\/03\/support-mural-ecran-800x600-1-600x600.png",600,600,true],"woocommerce_gallery_thumbnail":["https:\/\/i-toile.com\/wp-content\/uploads\/2025\/03\/support-mural-ecran-800x600-1-100x100.png",100,100,true]},"uagb_author_info":{"display_name":"I-TOILE","author_link":"https:\/\/i-toile.com\/en\/blog\/author\/"},"uagb_comment_info":1,"uagb_excerpt":"Support d'\u00e9cran mural universel Vperf I-TOILE vous propose son support mural Vperf, une r\u00e9f\u00e9rence en mati\u00e8re d\u2019adaptabilit\u00e9 et de robustesse. Facile \u00e0 installer et ultra-fin, il garantit une fixation propre et soign\u00e9e pour votre \u00e9cran. Le support Vperf\u00a0permet une installation flexible, en portrait ou paysage, et offre un maintien optimal au plus proche du mur&hellip;","jetpack_sharing_enabled":true,"_links":{"self":[{"href":"https:\/\/i-toile.com\/en\/wp-json\/wp\/v2\/product\/7884","targetHints":{"allow":["GET"]}}],"collection":[{"href":"https:\/\/i-toile.com\/en\/wp-json\/wp\/v2\/product"}],"about":[{"href":"https:\/\/i-toile.com\/en\/wp-json\/wp\/v2\/types\/product"}],"replies":[{"embeddable":true,"href":"https:\/\/i-toile.com\/en\/wp-json\/wp\/v2\/comments?post=7884"}],"wp:featuredmedia":[{"embeddable":true,"href":"https:\/\/i-toile.com\/en\/wp-json\/wp\/v2\/media\/7878"}],"wp:attachment":[{"href":"https:\/\/i-toile.com\/en\/wp-json\/wp\/v2\/media?parent=7884"}],"wp:term":[{"taxonomy":"product_brand","embeddable":true,"href":"https:\/\/i-toile.com\/en\/wp-json\/wp\/v2\/product_brand?post=7884"},{"taxonomy":"product_cat","embeddable":true,"href":"https:\/\/i-toile.com\/en\/wp-json\/wp\/v2\/product_cat?post=7884"},{"taxonomy":"product_tag","embeddable":true,"href":"https:\/\/i-toile.com\/en\/wp-json\/wp\/v2\/product_tag?post=7884"}],"curies":[{"name":"wp","href":"https:\/\/api.w.org\/{rel}","templated":true}]}}