{"id":7886,"date":"2025-04-01T09:25:31","date_gmt":"2025-04-01T07:25:31","guid":{"rendered":"https:\/\/i-toile.com\/?post_type=product&#038;p=7886"},"modified":"2025-04-01T11:47:08","modified_gmt":"2025-04-01T09:47:08","slug":"carter-de-protection-decran-49-55-pouces","status":"publish","type":"product","link":"https:\/\/i-toile.com\/en\/product\/carter-de-protection-decran-49-55-pouces\/","title":{"rendered":"Carter de protection d&rsquo;\u00e9cran 49 &#8211; 55 pouces"},"content":{"rendered":"<h3><strong>Prot\u00e9gez vos \u00e9crans d&rsquo;affichage dynamique ou interactif avec le Carter AV<\/strong><\/h3>\n<p>Assurez la s\u00e9curit\u00e9 et la durabilit\u00e9 de vos <strong>\u00e9crans d&rsquo;affichage dynamique et interactif<\/strong> gr\u00e2ce au <strong>Carter AV<\/strong>. Con\u00e7u pour prot\u00e9ger votre installation en toutes circonstances, il offre une <strong>protection efficace<\/strong> contre :<br \/>\n\u2705 La poussi\u00e8re et les d\u00e9g\u00e2ts mat\u00e9riels<br \/>\n\u2705 Les tentatives de d\u00e9branchement par des personnes malveillantes<br \/>\n\u2705 Le vol et les actes de vandalisme<\/p>\n<h3><strong>Une fixation murale universelle et robuste<\/strong><\/h3>\n<p>Le <strong>Carter AV<\/strong> est con\u00e7u pour \u00eatre <strong>fix\u00e9 sur tout type de mur<\/strong> : <strong>placo (BA13), b\u00e9ton ou panneau bois<\/strong>, en <strong>format portrait ou paysage<\/strong>. Pour votre \u00e9cran de 32 \u00e0 43 pouces, toutes marques confondues, la BAT sera r\u00e9alis\u00e9e selon le format ou la r\u00e9f\u00e9rence de votre \u00e9cran apr\u00e8s achat en ligne.<\/p>\n<p>\ud83d\udca1 <strong>Option disponible<\/strong> : Il peut \u00eatre vendu avec son <strong>support mural ultra-fin<\/strong>, offrant un <strong>d\u00e9port minimal<\/strong> pour une int\u00e9gration discr\u00e8te et \u00e9l\u00e9gante.<\/p>\n<h3>Dimension standard 55&prime; :\u00a0 1254 x 721 x 56.5mm<\/h3>\n<p>&nbsp;<\/p>\n<h3><strong>Une ventilation optimis\u00e9e pour une dur\u00e9e de vie prolong\u00e9e<\/strong><\/h3>\n<p>Afin d\u2019assurer un <strong>refroidissement optimal<\/strong>, nos carters sont <strong>ventil\u00e9s<\/strong> sur les parties <strong>basse et haute<\/strong>, favorisant une bonne circulation de l\u2019air et \u00e9vitant toute surchauffe.<\/p>\n<h3><strong>Installation rapide et finition soign\u00e9e<\/strong><\/h3>\n<p>\ud83d\udee0\ufe0f <strong>Syst\u00e8me de fixation simple et efficace<\/strong> :<\/p>\n<ul>\n<li>Deux <strong>corni\u00e8res de fixation<\/strong> sont fix\u00e9es en haut et en bas du mur<\/li>\n<li>Le <strong>carter se visse<\/strong> sur les corni\u00e8res avec des <strong>vis \u00e0 t\u00eate frais\u00e9e<\/strong>, garantissant un rendu esth\u00e9tique impeccable<\/li>\n<\/ul>\n<p>\ud83c\udfa8 <strong>Coloris personnalisable<\/strong> pour une parfaite int\u00e9gration \u00e0 votre environnement.<\/p>\n<h3><strong>Options non incluses (en suppl\u00e9ment) :<\/strong><\/h3>\n<p>\ud83d\udd39 <strong>Verre de protection en fa\u00e7ade<\/strong> :<\/p>\n<ul>\n<li><strong>Extra clair<\/strong> (\u00e9paisseur de <strong>3 \u00e0 10 mm<\/strong>)<\/li>\n<li><strong>Anti-reflet<\/strong> pour un meilleur confort visuel<\/li>\n<li><strong>Miroir<\/strong> pour une int\u00e9gration design et discr\u00e8te<\/li>\n<\/ul>\n<p>\ud83d\udd39 <strong>Ajout d&rsquo;une interface tactile<\/strong> :<\/p>\n<ul>\n<li><strong>Tactile capacitif projet\u00e9<\/strong> (PCAP) pour une exp\u00e9rience fluide et r\u00e9active<\/li>\n<li><strong>Tactile infrarouge<\/strong> pour une robustesse accrue<\/li>\n<\/ul>\n<p>\ud83d\udd12 <strong>S\u00e9curisez votre affichage avec le Carter AV<\/strong> et assurez une installation fiable et durable !<\/p>","protected":false},"excerpt":{"rendered":"<h3><strong>Prot\u00e9gez vos \u00e9crans d&rsquo;affichage dynamique ou interactif avec le Carter AV<\/strong><\/h3>\n<p>Assurez la s\u00e9curit\u00e9 et la durabilit\u00e9 de vos <strong>\u00e9crans d&rsquo;affichage dynamique et interactif<\/strong> gr\u00e2ce au <strong>Carter AV<\/strong>. Con\u00e7u pour prot\u00e9ger votre installation en toutes circonstances, il offre une <strong>protection efficace<\/strong> contre :<br \/>\n\u2705 La poussi\u00e8re et les d\u00e9g\u00e2ts mat\u00e9riels<br \/>\n\u2705 Les tentatives de d\u00e9branchement par des personnes malveillantes<br \/>\n\u2705 Le vol et les actes de vandalisme<\/p>\n<h6>Dimension standard 55&prime; :\u00a0 Carter 1254 x 721 x 56.5mm &#8211; Affichage 1214.9 x 685.8mm<\/h6>","protected":false},"featured_media":7893,"comment_status":"open","ping_status":"closed","template":"","meta":{"_uag_custom_page_level_css":"","site-sidebar-layout":"default","site-content-layout":"","ast-site-content-layout":"default","site-content-style":"default","site-sidebar-style":"default","ast-global-header-display":"","ast-banner-title-visibility":"","ast-main-header-display":"","ast-hfb-above-header-display":"","ast-hfb-below-header-display":"","ast-hfb-mobile-header-display":"","site-post-title":"","ast-breadcrumbs-content":"","ast-featured-img":"","footer-sml-layout":"","ast-disable-related-posts":"","theme-transparent-header-meta":"default","adv-header-id-meta":"","stick-header-meta":"","header-above-stick-meta":"","header-main-stick-meta":"","header-below-stick-meta":"","astra-migrate-meta-layouts":"set","ast-page-background-enabled":"default","ast-page-background-meta":{"desktop":{"background-color":"","background-image":"","background-repeat":"repeat","background-position":"center center","background-size":"auto","background-attachment":"scroll","background-type":"","background-media":"","overlay-type":"","overlay-color":"","overlay-opacity":"","overlay-gradient":""},"tablet":{"background-color":"","background-image":"","background-repeat":"repeat","background-position":"center center","background-size":"auto","background-attachment":"scroll","background-type":"","background-media":"","overlay-type":"","overlay-color":"","overlay-opacity":"","overlay-gradient":""},"mobile":{"background-color":"","background-image":"","background-repeat":"repeat","background-position":"center center","background-size":"auto","background-attachment":"scroll","background-type":"","background-media":"","overlay-type":"","overlay-color":"","overlay-opacity":"","overlay-gradient":""}},"ast-content-background-meta":{"desktop":{"background-color":"var(--ast-global-color-5)","background-image":"","background-repeat":"repeat","background-position":"center center","background-size":"auto","background-attachment":"scroll","background-type":"","background-media":"","overlay-type":"","overlay-color":"","overlay-opacity":"","overlay-gradient":""},"tablet":{"background-color":"var(--ast-global-color-5)","background-image":"","background-repeat":"repeat","background-position":"center center","background-size":"auto","background-attachment":"scroll","background-type":"","background-media":"","overlay-type":"","overlay-color":"","overlay-opacity":"","overlay-gradient":""},"mobile":{"background-color":"var(--ast-global-color-5)","background-image":"","background-repeat":"repeat","background-position":"center center","background-size":"auto","background-attachment":"scroll","background-type":"","background-media":"","overlay-type":"","overlay-color":"","overlay-opacity":"","overlay-gradient":""}},"jetpack_post_was_ever_published":false},"product_brand":[],"product_cat":[85],"product_tag":[],"class_list":{"0":"post-7886","1":"product","2":"type-product","3":"status-publish","4":"has-post-thumbnail","6":"product_cat-support-decran","7":"product_shipping_class-5-a-25-kg","8":"desktop-align-left","9":"tablet-align-left","10":"mobile-align-left","12":"first","13":"instock","14":"taxable","15":"shipping-taxable","16":"purchasable","17":"product-type-simple"},"yoast_head":"<!-- This site is optimized with the Yoast SEO plugin v27.3 - https:\/\/yoast.com\/product\/yoast-seo-wordpress\/ -->\n<title>Carter de protection d&#039;\u00e9cran 49 - 55 pouces - Fabricant de mobilier digitaux<\/title>\n<meta name=\"description\" content=\"Prot\u00e9gez vos \u00e9crans d&#039;affichage dynamique avec le Carter AV. S\u00e9curis\u00e9, ventil\u00e9 et personnalisable, il pr\u00e9vient la poussi\u00e8re, le vol et les dommages.\" \/>\n<meta name=\"robots\" content=\"index, follow, max-snippet:-1, max-image-preview:large, max-video-preview:-1\" \/>\n<link rel=\"canonical\" href=\"https:\/\/i-toile.com\/en\/product\/carter-de-protection-decran-49-55-pouces\/\" \/>\n<meta property=\"og:locale\" content=\"en_GB\" \/>\n<meta property=\"og:type\" content=\"article\" \/>\n<meta property=\"og:title\" content=\"Carter de protection d&#039;\u00e9cran 49 - 55 pouces - Fabricant de mobilier digitaux\" \/>\n<meta property=\"og:description\" content=\"Prot\u00e9gez vos \u00e9crans d&#039;affichage dynamique avec le Carter AV. S\u00e9curis\u00e9, ventil\u00e9 et personnalisable, il pr\u00e9vient la poussi\u00e8re, le vol et les dommages.\" \/>\n<meta property=\"og:url\" content=\"https:\/\/i-toile.com\/en\/product\/carter-de-protection-decran-49-55-pouces\/\" \/>\n<meta property=\"og:site_name\" content=\"Fabricant de mobilier digitaux\" \/>\n<meta property=\"article:publisher\" content=\"https:\/\/www.facebook.com\/itoile.communication.agence\/\" \/>\n<meta property=\"article:modified_time\" content=\"2025-04-01T09:47:08+00:00\" \/>\n<meta property=\"og:image\" content=\"https:\/\/i-toile.com\/wp-content\/uploads\/2025\/04\/Carter-de-protection-AV-b-1-1024x1024.png\" \/>\n\t<meta property=\"og:image:width\" content=\"1024\" \/>\n\t<meta property=\"og:image:height\" content=\"1024\" \/>\n\t<meta property=\"og:image:type\" content=\"image\/png\" \/>\n<meta name=\"twitter:card\" content=\"summary_large_image\" \/>\n<meta name=\"twitter:label1\" content=\"Estimated reading time\" \/>\n\t<meta name=\"twitter:data1\" content=\"2 minutes\" \/>\n<script type=\"application\/ld+json\" class=\"yoast-schema-graph\">{\"@context\":\"https:\\\/\\\/schema.org\",\"@graph\":[{\"@type\":\"WebPage\",\"@id\":\"https:\\\/\\\/i-toile.com\\\/produit\\\/carter-de-protection-decran-49-55-pouces\\\/\",\"url\":\"https:\\\/\\\/i-toile.com\\\/produit\\\/carter-de-protection-decran-49-55-pouces\\\/\",\"name\":\"Carter de protection d'\u00e9cran 49 - 55 pouces - Fabricant de mobilier digitaux\",\"isPartOf\":{\"@id\":\"https:\\\/\\\/i-toile.com\\\/#website\"},\"primaryImageOfPage\":{\"@id\":\"https:\\\/\\\/i-toile.com\\\/produit\\\/carter-de-protection-decran-49-55-pouces\\\/#primaryimage\"},\"image\":{\"@id\":\"https:\\\/\\\/i-toile.com\\\/produit\\\/carter-de-protection-decran-49-55-pouces\\\/#primaryimage\"},\"thumbnailUrl\":\"https:\\\/\\\/i-toile.com\\\/wp-content\\\/uploads\\\/2025\\\/04\\\/Carter-de-protection-AV-b-1.png\",\"datePublished\":\"2025-04-01T07:25:31+00:00\",\"dateModified\":\"2025-04-01T09:47:08+00:00\",\"description\":\"Prot\u00e9gez vos \u00e9crans d'affichage dynamique avec le Carter AV. S\u00e9curis\u00e9, ventil\u00e9 et personnalisable, il pr\u00e9vient la poussi\u00e8re, le vol et les dommages.\",\"breadcrumb\":{\"@id\":\"https:\\\/\\\/i-toile.com\\\/produit\\\/carter-de-protection-decran-49-55-pouces\\\/#breadcrumb\"},\"inLanguage\":\"en-GB\",\"potentialAction\":[{\"@type\":\"ReadAction\",\"target\":[\"https:\\\/\\\/i-toile.com\\\/produit\\\/carter-de-protection-decran-49-55-pouces\\\/\"]}]},{\"@type\":\"ImageObject\",\"inLanguage\":\"en-GB\",\"@id\":\"https:\\\/\\\/i-toile.com\\\/produit\\\/carter-de-protection-decran-49-55-pouces\\\/#primaryimage\",\"url\":\"https:\\\/\\\/i-toile.com\\\/wp-content\\\/uploads\\\/2025\\\/04\\\/Carter-de-protection-AV-b-1.png\",\"contentUrl\":\"https:\\\/\\\/i-toile.com\\\/wp-content\\\/uploads\\\/2025\\\/04\\\/Carter-de-protection-AV-b-1.png\",\"width\":3840,\"height\":3840,\"caption\":\"prot\u00e9ger votre \u00e9cran dynamique avec notre carte AV\"},{\"@type\":\"BreadcrumbList\",\"@id\":\"https:\\\/\\\/i-toile.com\\\/produit\\\/carter-de-protection-decran-49-55-pouces\\\/#breadcrumb\",\"itemListElement\":[{\"@type\":\"ListItem\",\"position\":1,\"name\":\"Accueil\",\"item\":\"https:\\\/\\\/i-toile.com\\\/\"},{\"@type\":\"ListItem\",\"position\":2,\"name\":\"I-Shop\",\"item\":\"https:\\\/\\\/i-toile.com\\\/i-toile-shop\\\/\"},{\"@type\":\"ListItem\",\"position\":3,\"name\":\"Carter de protection d&rsquo;\u00e9cran 49 &#8211; 55 pouces\"}]},{\"@type\":\"WebSite\",\"@id\":\"https:\\\/\\\/i-toile.com\\\/#website\",\"url\":\"https:\\\/\\\/i-toile.com\\\/\",\"name\":\"Fabricant de mobilier digitaux\",\"description\":\"\",\"publisher\":{\"@id\":\"https:\\\/\\\/i-toile.com\\\/#organization\"},\"potentialAction\":[{\"@type\":\"SearchAction\",\"target\":{\"@type\":\"EntryPoint\",\"urlTemplate\":\"https:\\\/\\\/i-toile.com\\\/?s={search_term_string}\"},\"query-input\":{\"@type\":\"PropertyValueSpecification\",\"valueRequired\":true,\"valueName\":\"search_term_string\"}}],\"inLanguage\":\"en-GB\"},{\"@type\":\"Organization\",\"@id\":\"https:\\\/\\\/i-toile.com\\\/#organization\",\"name\":\"Fabricant de mobilier digitaux\",\"url\":\"https:\\\/\\\/i-toile.com\\\/\",\"logo\":{\"@type\":\"ImageObject\",\"inLanguage\":\"en-GB\",\"@id\":\"https:\\\/\\\/i-toile.com\\\/#\\\/schema\\\/logo\\\/image\\\/\",\"url\":\"https:\\\/\\\/i-toile.com\\\/wp-content\\\/uploads\\\/2022\\\/07\\\/cropped-cropped-logo-fluo-fond-transparant-4.png\",\"contentUrl\":\"https:\\\/\\\/i-toile.com\\\/wp-content\\\/uploads\\\/2022\\\/07\\\/cropped-cropped-logo-fluo-fond-transparant-4.png\",\"width\":1998,\"height\":1152,\"caption\":\"Fabricant de mobilier digitaux\"},\"image\":{\"@id\":\"https:\\\/\\\/i-toile.com\\\/#\\\/schema\\\/logo\\\/image\\\/\"},\"sameAs\":[\"https:\\\/\\\/www.facebook.com\\\/itoile.communication.agence\\\/\",\"https:\\\/\\\/www.linkedin.com\\\/company\\\/i-toile-digital-signage\"]}]}<\/script>\n<!-- \/ Yoast SEO plugin. -->","yoast_head_json":{"title":"Carter de protection d'\u00e9cran 49 - 55 pouces - Fabricant de mobilier digitaux","description":"Prot\u00e9gez vos \u00e9crans d'affichage dynamique avec le Carter AV. S\u00e9curis\u00e9, ventil\u00e9 et personnalisable, il pr\u00e9vient la poussi\u00e8re, le vol et les dommages.","robots":{"index":"index","follow":"follow","max-snippet":"max-snippet:-1","max-image-preview":"max-image-preview:large","max-video-preview":"max-video-preview:-1"},"canonical":"https:\/\/i-toile.com\/en\/product\/carter-de-protection-decran-49-55-pouces\/","og_locale":"en_GB","og_type":"article","og_title":"Carter de protection d'\u00e9cran 49 - 55 pouces - Fabricant de mobilier digitaux","og_description":"Prot\u00e9gez vos \u00e9crans d'affichage dynamique avec le Carter AV. S\u00e9curis\u00e9, ventil\u00e9 et personnalisable, il pr\u00e9vient la poussi\u00e8re, le vol et les dommages.","og_url":"https:\/\/i-toile.com\/en\/product\/carter-de-protection-decran-49-55-pouces\/","og_site_name":"Fabricant de mobilier digitaux","article_publisher":"https:\/\/www.facebook.com\/itoile.communication.agence\/","article_modified_time":"2025-04-01T09:47:08+00:00","og_image":[{"width":1024,"height":1024,"url":"https:\/\/i-toile.com\/wp-content\/uploads\/2025\/04\/Carter-de-protection-AV-b-1-1024x1024.png","type":"image\/png"}],"twitter_card":"summary_large_image","twitter_misc":{"Estimated reading time":"2 minutes"},"schema":{"@context":"https:\/\/schema.org","@graph":[{"@type":"WebPage","@id":"https:\/\/i-toile.com\/produit\/carter-de-protection-decran-49-55-pouces\/","url":"https:\/\/i-toile.com\/produit\/carter-de-protection-decran-49-55-pouces\/","name":"Carter de protection d'\u00e9cran 49 - 55 pouces - Fabricant de mobilier digitaux","isPartOf":{"@id":"https:\/\/i-toile.com\/#website"},"primaryImageOfPage":{"@id":"https:\/\/i-toile.com\/produit\/carter-de-protection-decran-49-55-pouces\/#primaryimage"},"image":{"@id":"https:\/\/i-toile.com\/produit\/carter-de-protection-decran-49-55-pouces\/#primaryimage"},"thumbnailUrl":"https:\/\/i-toile.com\/wp-content\/uploads\/2025\/04\/Carter-de-protection-AV-b-1.png","datePublished":"2025-04-01T07:25:31+00:00","dateModified":"2025-04-01T09:47:08+00:00","description":"Prot\u00e9gez vos \u00e9crans d'affichage dynamique avec le Carter AV. S\u00e9curis\u00e9, ventil\u00e9 et personnalisable, il pr\u00e9vient la poussi\u00e8re, le vol et les dommages.","breadcrumb":{"@id":"https:\/\/i-toile.com\/produit\/carter-de-protection-decran-49-55-pouces\/#breadcrumb"},"inLanguage":"en-GB","potentialAction":[{"@type":"ReadAction","target":["https:\/\/i-toile.com\/produit\/carter-de-protection-decran-49-55-pouces\/"]}]},{"@type":"ImageObject","inLanguage":"en-GB","@id":"https:\/\/i-toile.com\/produit\/carter-de-protection-decran-49-55-pouces\/#primaryimage","url":"https:\/\/i-toile.com\/wp-content\/uploads\/2025\/04\/Carter-de-protection-AV-b-1.png","contentUrl":"https:\/\/i-toile.com\/wp-content\/uploads\/2025\/04\/Carter-de-protection-AV-b-1.png","width":3840,"height":3840,"caption":"prot\u00e9ger votre \u00e9cran dynamique avec notre carte AV"},{"@type":"BreadcrumbList","@id":"https:\/\/i-toile.com\/produit\/carter-de-protection-decran-49-55-pouces\/#breadcrumb","itemListElement":[{"@type":"ListItem","position":1,"name":"Accueil","item":"https:\/\/i-toile.com\/"},{"@type":"ListItem","position":2,"name":"I-Shop","item":"https:\/\/i-toile.com\/i-toile-shop\/"},{"@type":"ListItem","position":3,"name":"Carter de protection d&rsquo;\u00e9cran 49 &#8211; 55 pouces"}]},{"@type":"WebSite","@id":"https:\/\/i-toile.com\/#website","url":"https:\/\/i-toile.com\/","name":"Fabricant de mobilier digitaux","description":"","publisher":{"@id":"https:\/\/i-toile.com\/#organization"},"potentialAction":[{"@type":"SearchAction","target":{"@type":"EntryPoint","urlTemplate":"https:\/\/i-toile.com\/?s={search_term_string}"},"query-input":{"@type":"PropertyValueSpecification","valueRequired":true,"valueName":"search_term_string"}}],"inLanguage":"en-GB"},{"@type":"Organization","@id":"https:\/\/i-toile.com\/#organization","name":"Fabricant de mobilier digitaux","url":"https:\/\/i-toile.com\/","logo":{"@type":"ImageObject","inLanguage":"en-GB","@id":"https:\/\/i-toile.com\/#\/schema\/logo\/image\/","url":"https:\/\/i-toile.com\/wp-content\/uploads\/2022\/07\/cropped-cropped-logo-fluo-fond-transparant-4.png","contentUrl":"https:\/\/i-toile.com\/wp-content\/uploads\/2022\/07\/cropped-cropped-logo-fluo-fond-transparant-4.png","width":1998,"height":1152,"caption":"Fabricant de mobilier digitaux"},"image":{"@id":"https:\/\/i-toile.com\/#\/schema\/logo\/image\/"},"sameAs":["https:\/\/www.facebook.com\/itoile.communication.agence\/","https:\/\/www.linkedin.com\/company\/i-toile-digital-signage"]}]}},"uagb_featured_image_src":{"full":["https:\/\/i-toile.com\/wp-content\/uploads\/2025\/04\/Carter-de-protection-AV-b-1.png",3840,3840,false],"thumbnail":["https:\/\/i-toile.com\/wp-content\/uploads\/2025\/04\/Carter-de-protection-AV-b-1-150x150.png",150,150,true],"medium":["https:\/\/i-toile.com\/wp-content\/uploads\/2025\/04\/Carter-de-protection-AV-b-1-300x300.png",300,300,true],"medium_large":["https:\/\/i-toile.com\/wp-content\/uploads\/2025\/04\/Carter-de-protection-AV-b-1-768x768.png",768,768,true],"large":["https:\/\/i-toile.com\/wp-content\/uploads\/2025\/04\/Carter-de-protection-AV-b-1-1024x1024.png",1024,1024,true],"1536x1536":["https:\/\/i-toile.com\/wp-content\/uploads\/2025\/04\/Carter-de-protection-AV-b-1-1536x1536.png",1536,1536,true],"2048x2048":["https:\/\/i-toile.com\/wp-content\/uploads\/2025\/04\/Carter-de-protection-AV-b-1-2048x2048.png",2048,2048,true],"trp-custom-language-flag":["https:\/\/i-toile.com\/wp-content\/uploads\/2025\/04\/Carter-de-protection-AV-b-1-12x12.png",12,12,true],"woocommerce_thumbnail":["https:\/\/i-toile.com\/wp-content\/uploads\/2025\/04\/Carter-de-protection-AV-b-1-300x300.png",300,300,true],"woocommerce_single":["https:\/\/i-toile.com\/wp-content\/uploads\/2025\/04\/Carter-de-protection-AV-b-1-600x600.png",600,600,true],"woocommerce_gallery_thumbnail":["https:\/\/i-toile.com\/wp-content\/uploads\/2025\/04\/Carter-de-protection-AV-b-1-100x100.png",100,100,true]},"uagb_author_info":{"display_name":"I-TOILE","author_link":"https:\/\/i-toile.com\/en\/blog\/author\/"},"uagb_comment_info":1,"uagb_excerpt":"Prot\u00e9gez vos \u00e9crans d'affichage dynamique ou interactif avec le Carter AV Assurez la s\u00e9curit\u00e9 et la durabilit\u00e9 de vos \u00e9crans d'affichage dynamique et interactif gr\u00e2ce au Carter AV. Con\u00e7u pour prot\u00e9ger votre installation en toutes circonstances, il offre une protection efficace contre : \u2705 La poussi\u00e8re et les d\u00e9g\u00e2ts mat\u00e9riels \u2705 Les tentatives de d\u00e9branchement&hellip;","jetpack_sharing_enabled":true,"_links":{"self":[{"href":"https:\/\/i-toile.com\/en\/wp-json\/wp\/v2\/product\/7886","targetHints":{"allow":["GET"]}}],"collection":[{"href":"https:\/\/i-toile.com\/en\/wp-json\/wp\/v2\/product"}],"about":[{"href":"https:\/\/i-toile.com\/en\/wp-json\/wp\/v2\/types\/product"}],"replies":[{"embeddable":true,"href":"https:\/\/i-toile.com\/en\/wp-json\/wp\/v2\/comments?post=7886"}],"wp:featuredmedia":[{"embeddable":true,"href":"https:\/\/i-toile.com\/en\/wp-json\/wp\/v2\/media\/7893"}],"wp:attachment":[{"href":"https:\/\/i-toile.com\/en\/wp-json\/wp\/v2\/media?parent=7886"}],"wp:term":[{"taxonomy":"product_brand","embeddable":true,"href":"https:\/\/i-toile.com\/en\/wp-json\/wp\/v2\/product_brand?post=7886"},{"taxonomy":"product_cat","embeddable":true,"href":"https:\/\/i-toile.com\/en\/wp-json\/wp\/v2\/product_cat?post=7886"},{"taxonomy":"product_tag","embeddable":true,"href":"https:\/\/i-toile.com\/en\/wp-json\/wp\/v2\/product_tag?post=7886"}],"curies":[{"name":"wp","href":"https:\/\/api.w.org\/{rel}","templated":true}]}}